{"id":11637,"date":"2023-11-07T14:59:10","date_gmt":"2023-11-07T13:59:10","guid":{"rendered":"http:\/\/zsht.pl\/strona\/?page_id=11637"},"modified":"2026-04-16T12:49:16","modified_gmt":"2026-04-16T10:49:16","slug":"egzamin-zawodowy","status":"publish","type":"page","link":"http:\/\/zsht.pl\/strona\/index.php\/egzamin-zawodowy\/","title":{"rendered":"Egzamin zawodowy"},"content":{"rendered":"<div class=\"WordSection1\">\n<p><a href=\"http:\/\/zsht.pl\/strona\/wp-content\/uploads\/2025\/05\/Egzamin-zwodowy-U-2025.pptx\">Prezentacja<\/a><\/p>\n<p class=\"MsoNormal\" style=\"margin-bottom: 0.0001pt; text-align: center;\"><b style=\"mso-bidi-font-weight: normal;\"><span style=\"font-size: 18.0pt; mso-bidi-font-size: 11.0pt; line-height: 107%; font-family: 'Times New Roman',serif; mso-fareast-font-family: 'Times New Roman';\"><span style=\"mso-spacerun: yes;\">Harmonogram &#8211; lato 2026<\/span><\/span><\/b><\/p>\n<\/div>\n<div class=\"WordSection1\">\n<p>&nbsp;<\/p>\n<\/div>\n<table style=\"width: 88.0449%; height: 1024px;\">\n<tbody>\n<tr style=\"height: 56px;\">\n<td style=\"width: 7.08402%; height: 112px;\" rowspan=\"2\" width=\"56\">LP<\/td>\n<td style=\"width: 8.38445%; height: 112px;\" rowspan=\"2\" width=\"106\">\n<p style=\"text-align: center;\">KLASA<\/p>\n<\/td>\n<td style=\"width: 35.0178%; height: 112px;\" rowspan=\"2\" width=\"187\">\n<p style=\"text-align: center;\">ZAW\u00d3D<\/p>\n<\/td>\n<td style=\"width: 106.994%; height: 56px;\" colspan=\"2\" width=\"229\">\n<p style=\"text-align: center;\">DATA EGZAMINU<\/p>\n<\/td>\n<\/tr>\n<tr style=\"height: 56px;\">\n<td style=\"width: 27.438%; height: 56px;\" width=\"112\">Cz\u0119\u015b\u0107 pisemna<\/td>\n<td style=\"width: 79.5557%; height: 56px;\" width=\"117\">Cz\u0119\u015b\u0107 praktyczna<\/td>\n<\/tr>\n<tr style=\"height: 56px;\">\n<td style=\"width: 7.08402%; height: 56px;\" width=\"56\">1<\/td>\n<td style=\"width: 8.38445%; height: 56px;\" width=\"106\">3A<\/td>\n<td style=\"width: 35.0178%; height: 56px;\" width=\"187\">technik hotelarstwa<\/td>\n<td style=\"width: 27.438%; height: 56px;\" width=\"112\">8.06.2026<\/td>\n<td style=\"width: 79.5557%; height: 56px;\" width=\"117\">1.06.2026<\/td>\n<\/tr>\n<tr style=\"height: 56px;\">\n<td style=\"width: 7.08402%; height: 56px;\" width=\"56\">2<\/td>\n<td style=\"width: 8.38445%; height: 56px;\" width=\"106\">3B<\/td>\n<td style=\"width: 35.0178%; height: 56px;\" width=\"187\">technik hotelarstwa<\/td>\n<td style=\"width: 27.438%; height: 56px;\" width=\"112\">8.06.2026<\/td>\n<td style=\"width: 79.5557%; height: 56px;\" width=\"117\">1.06.2026<\/td>\n<\/tr>\n<tr style=\"height: 56px;\">\n<td style=\"width: 7.08402%; height: 56px;\" width=\"56\">3<\/td>\n<td style=\"width: 8.38445%; height: 56px;\" width=\"106\">3T<\/td>\n<td style=\"width: 35.0178%; height: 56px;\" width=\"187\">technik organizacji turystyki<\/td>\n<td style=\"width: 27.438%; height: 56px;\" width=\"112\">8.06.2026<\/td>\n<td style=\"width: 79.5557%; height: 56px;\" width=\"117\">1.06.2026<\/td>\n<\/tr>\n<tr style=\"height: 56px;\">\n<td style=\"width: 7.08402%; height: 56px;\" width=\"56\">4<\/td>\n<td style=\"width: 8.38445%; height: 56px;\" width=\"106\">3T1<\/td>\n<td style=\"width: 35.0178%; height: 56px;\" width=\"187\">technik organizacji turystyki<\/td>\n<td style=\"width: 27.438%; height: 56px;\" width=\"112\">8.06.2026<\/td>\n<td style=\"width: 79.5557%; height: 56px;\" width=\"117\">1.06.2026<\/td>\n<\/tr>\n<tr style=\"height: 80px;\">\n<td style=\"width: 7.08402%; height: 80px;\" width=\"56\">5<\/td>\n<td style=\"width: 8.38445%; height: 80px;\" width=\"106\">3G<\/td>\n<td style=\"width: 35.0178%; height: 80px;\" width=\"187\">technik \u017cywienia i us\u0142ug gastronomicznych<\/td>\n<td style=\"width: 27.438%; height: 80px;\" width=\"112\">8.06.2026<\/td>\n<td style=\"width: 79.5557%; height: 80px;\" width=\"117\">17-18.06. 2026<\/td>\n<\/tr>\n<tr style=\"height: 80px;\">\n<td style=\"width: 7.08402%; height: 80px;\" width=\"56\">6<\/td>\n<td style=\"width: 8.38445%; height: 80px;\" width=\"106\">3G1<\/td>\n<td style=\"width: 35.0178%; height: 80px;\" width=\"187\">technik \u017cywienia i us\u0142ug gastronomicznych<\/td>\n<td style=\"width: 27.438%; height: 80px;\" width=\"112\">8.06.2026<\/td>\n<td style=\"width: 79.5557%; height: 80px;\" width=\"117\">18 \u2013 19.06. 2026<\/td>\n<\/tr>\n<tr style=\"height: 56px;\">\n<td style=\"width: 7.08402%; height: 56px;\" width=\"56\">7<\/td>\n<td style=\"width: 8.38445%; height: 56px;\" width=\"106\">3E<\/td>\n<td style=\"width: 35.0178%; height: 56px;\" width=\"187\">technik ekonomista<\/td>\n<td style=\"width: 27.438%; height: 56px;\" width=\"112\">8.06.2026<\/td>\n<td style=\"width: 79.5557%; height: 56px;\" width=\"117\">15.06.2026<\/td>\n<\/tr>\n<tr style=\"height: 56px;\">\n<td style=\"width: 7.08402%; height: 56px;\" width=\"56\">8<\/td>\n<td style=\"width: 8.38445%; height: 56px;\" width=\"106\">3I<\/td>\n<td style=\"width: 35.0178%; height: 56px;\" width=\"187\">technik informatyk<\/td>\n<td style=\"width: 27.438%; height: 56px;\" width=\"112\">8.06.2026<\/td>\n<td style=\"width: 79.5557%; height: 56px;\" width=\"117\">17 &#8211; 18.06 2026<\/td>\n<\/tr>\n<tr style=\"height: 56px;\">\n<td style=\"width: 7.08402%; height: 112px;\" rowspan=\"2\" width=\"56\">9<\/td>\n<td style=\"width: 8.38445%; height: 112px;\" rowspan=\"2\" width=\"106\">3IR<\/td>\n<td style=\"width: 35.0178%; height: 56px;\" width=\"187\">technik informatyk<\/td>\n<td style=\"width: 27.438%; height: 56px;\" width=\"112\">8.06.2026<\/td>\n<td style=\"width: 79.5557%; height: 56px;\" width=\"117\">17 \u2013 18.06 2026<\/td>\n<\/tr>\n<tr style=\"height: 56px;\">\n<td style=\"width: 35.0178%; height: 56px;\" width=\"187\">technik rachunkowo\u015bci<\/td>\n<td style=\"width: 27.438%; height: 56px;\" width=\"112\">8.06.2026<\/td>\n<td style=\"width: 79.5557%; height: 56px;\" width=\"117\">18.06.2026<\/td>\n<\/tr>\n<tr style=\"height: 56px;\">\n<td style=\"width: 7.08402%; height: 136px;\" rowspan=\"2\" width=\"56\">10<\/td>\n<td style=\"width: 8.38445%; height: 136px;\" rowspan=\"2\" width=\"106\">3ZA<\/td>\n<td style=\"width: 35.0178%; height: 56px;\" width=\"187\">cukiernik<\/td>\n<td style=\"width: 27.438%; height: 56px;\" width=\"112\">8.06.2026<\/td>\n<td style=\"width: 79.5557%; height: 56px;\" width=\"117\">16.06. 2026<\/td>\n<\/tr>\n<tr style=\"height: 80px;\">\n<td style=\"width: 35.0178%; height: 80px;\" width=\"187\">mechanik pojazd\u00f3w samochodowych<\/td>\n<td style=\"width: 27.438%; height: 80px;\" width=\"112\">8.06.2026<\/td>\n<td style=\"width: 79.5557%; height: 80px;\" width=\"117\">10.06.2026<\/td>\n<\/tr>\n<tr style=\"height: 56px;\">\n<td style=\"width: 7.08402%; height: 112px;\" rowspan=\"2\" width=\"56\">11<\/td>\n<td style=\"width: 8.38445%; height: 112px;\" rowspan=\"2\" width=\"106\">3ZB<\/td>\n<td style=\"width: 35.0178%; height: 56px;\" width=\"187\">kucharz<\/td>\n<td style=\"width: 27.438%; height: 56px;\" width=\"112\">8.06.2026<\/td>\n<td style=\"width: 79.5557%; height: 56px;\" width=\"117\">16 \u2013 17.06 2026<\/td>\n<\/tr>\n<tr style=\"height: 56px;\">\n<td style=\"width: 35.0178%; height: 56px;\" width=\"187\">sprzedawca<\/td>\n<td style=\"width: 27.438%; height: 56px;\" width=\"112\">8.06.2026<\/td>\n<td style=\"width: 79.5557%; height: 56px;\" width=\"117\">18.06.2026<\/td>\n<\/tr>\n<tr style=\"height: 56px;\">\n<td style=\"width: 7.08402%; height: 56px;\" width=\"56\">12<\/td>\n<td style=\"width: 8.38445%; height: 56px;\" width=\"106\">3ZC<\/td>\n<td style=\"width: 35.0178%; height: 56px;\" width=\"187\">kucharz<\/td>\n<td style=\"width: 27.438%; height: 56px;\" width=\"112\">8.06.2026<\/td>\n<td style=\"width: 79.5557%; height: 56px;\" width=\"117\">17.06.2026<\/td>\n<\/tr>\n<\/tbody>\n<\/table>\n<div class=\"default-style\">\n<div class=\"default-style\">\n<div class=\"elementor-element elementor-element-64e9436 elementor-widget elementor-widget-heading\">\n<div class=\"elementor-widget-container\">\n<h4 class=\"elementor-heading-title elementor-size-default\">Informacje dla uczni\u00f3w, absolwent\u00f3w, kursant\u00f3w, ekstern\u00f3w i os\u00f3b doros\u0142ych<\/h4>\n<\/div>\n<\/div>\n<div class=\"elementor-element elementor-element-ddb55c5 j elementor-widget elementor-widget-text-editor\">\n<div class=\"elementor-widget-container\">\n<div>Szczeg\u00f3\u0142owe informacje dotycz\u0105ce egzamin\u00f3w zawodowych znajduj\u0105 si\u0119 pod\u00a0poni\u017cszym linkiem \/ORGANIZACJA\/:<\/div>\n<div><\/div>\n<div><a href=\"http:\/\/www.oke.krakow.pl\/inf\/staticpages\/index.php?page=20190829120704482\" target=\"_blank\" rel=\"noopener\">http:\/\/www.oke.krakow.pl<\/a><\/div>\n<div><\/div>\n<ul>\n<li>Zg\u0142oszenia do\u00a0egzaminu<\/li>\n<li>Op\u0142aty za\u00a0egzamin<\/li>\n<li>Termin dodatkowy egzaminu<\/li>\n<li>Ponowne przyst\u0105pienie do\u00a0egzaminu<\/li>\n<li>Wgl\u0105dy do\u00a0dokumentacji egzaminacyjnej<\/li>\n<li>Wydawanie dyplom\u00f3w zawodowych i\u00a0suplement\u00f3w do\u00a0dyplom\u00f3w<\/li>\n<li>Wymiana dokument\u00f3w i\u00a0wystawianie duplikat\u00f3w<\/li>\n<li>Uniewa\u017cnienia prac egzaminacyjnych<\/li>\n<li>Zastrze\u017cenia do\u00a0przebiegu egzaminu<\/li>\n<\/ul>\n<\/div>\n<\/div>\n<\/div>\n<\/div>\n<div class=\"io-ox-signature\">\n<div class=\"default-style\">\n<p>oraz Komunikat dyrektora Centralnej Komisji Egzaminacyjnej <strong>w sprawie materia\u0142\u00f3w i przybor\u00f3w pomocniczych<\/strong>, z kt\u00f3rych mog\u0105 korzysta\u0107 zdaj\u0105cy na egzaminie zawodowym w sesji <strong>Lato 2026<\/strong> <em>(Formu\u0142a 2019)<\/em>:<\/p>\n<ul class=\"uk-list-line uk-list\">\n<li><a href=\"https:\/\/cke.gov.pl\/images\/_KOMUNIKATY\/2.%20Komunikat%20o%20pomocach-cz.pisemna_PP2019_8.12-1.pdf\" target=\"_blank\" rel=\"noopener\">w cz\u0119\u015bci pisemnej egzaminu<\/a><\/li>\n<li><a href=\"https:\/\/cke.gov.pl\/images\/_KOMUNIKATY\/4.%20Komunikat%20o%20pomocach-cz.praktyczna_PP2019_8.12.pdf\" target=\"_blank\" rel=\"noopener\">w cz\u0119\u015bci praktycznej egzaminu<\/a><\/li>\n<\/ul>\n<\/div>\n<\/div>\n<p>&nbsp;<\/p>\n<p>&nbsp;<\/p>\n<p>&nbsp;<\/p>\n","protected":false},"excerpt":{"rendered":"<p>Prezentacja Harmonogram &#8211; lato 2026 &nbsp; LP KLASA ZAW\u00d3D DATA EGZAMINU Cz\u0119\u015b\u0107 pisemna Cz\u0119\u015b\u0107 praktyczna 1 3A technik hotelarstwa 8.06.2026 1.06.2026 2 3B technik hotelarstwa 8.06.2026 1.06.2026 3 3T technik organizacji turystyki 8.06.2026 1.06.2026 4 3T1 technik organizacji turystyki 8.06.2026<\/p>\n","protected":false},"author":1,"featured_media":0,"parent":0,"menu_order":0,"comment_status":"closed","ping_status":"closed","template":"uczen.php","meta":[],"_links":{"self":[{"href":"http:\/\/zsht.pl\/strona\/index.php\/wp-json\/wp\/v2\/pages\/11637"}],"collection":[{"href":"http:\/\/zsht.pl\/strona\/index.php\/wp-json\/wp\/v2\/pages"}],"about":[{"href":"http:\/\/zsht.pl\/strona\/index.php\/wp-json\/wp\/v2\/types\/page"}],"author":[{"embeddable":true,"href":"http:\/\/zsht.pl\/strona\/index.php\/wp-json\/wp\/v2\/users\/1"}],"replies":[{"embeddable":true,"href":"http:\/\/zsht.pl\/strona\/index.php\/wp-json\/wp\/v2\/comments?post=11637"}],"version-history":[{"count":31,"href":"http:\/\/zsht.pl\/strona\/index.php\/wp-json\/wp\/v2\/pages\/11637\/revisions"}],"predecessor-version":[{"id":20019,"href":"http:\/\/zsht.pl\/strona\/index.php\/wp-json\/wp\/v2\/pages\/11637\/revisions\/20019"}],"wp:attachment":[{"href":"http:\/\/zsht.pl\/strona\/index.php\/wp-json\/wp\/v2\/media?parent=11637"}],"curies":[{"name":"wp","href":"https:\/\/api.w.org\/{rel}","templated":true}]}}