{"id":13167,"date":"2024-04-25T14:36:36","date_gmt":"2024-04-25T12:36:36","guid":{"rendered":"http:\/\/zsht.pl\/strona\/?page_id=13167"},"modified":"2024-04-25T22:11:53","modified_gmt":"2024-04-25T20:11:53","slug":"rekrutacja2024","status":"publish","type":"page","link":"http:\/\/zsht.pl\/strona\/index.php\/rekrutacja2024\/","title":{"rendered":"rekrutacja2024"},"content":{"rendered":"<p><strong>REGULAMIN REKRUTACJI<\/strong><\/p>\n<p>Regulamin rekrutacji opracowano na podstawie:<\/p>\n<p>-Rozporz\u0105dzenie MEN z dnia 18 listopada 2022 r. w sprawie przeprowadzenia post\u0119powania rekrutacyjnego oraz post\u0119powania uzupe\u0142niaj\u0105cego\u00a0 do publicznych przedszkoli, szk\u00f3\u0142, plac\u00f3wek i centr\u00f3w<\/p>\n<p>&#8211; Uchwa\u0142y Zarz\u0105du Powiatu Tatrza\u0144skiego<\/p>\n<ol>\n<li>Rekrutacji uczni\u00f3w dokonuje Komisja Rekrutacyjna, powo\u0142ana przez Dyrektora Zespo\u0142u Szk\u00f3\u0142.<\/li>\n<li>Rekrutacji uczni\u00f3w dokonuje si\u0119 za pomoc\u0105 elektronicznego systemu rekrutacji.<\/li>\n<li>Ustala si\u0119 liczb\u0119 oddzia\u0142\u00f3w i uczni\u00f3w w <strong>Technikum nr 2<\/strong>:<\/li>\n<\/ol>\n<ul>\n<li>zaw\u00f3d: <strong>technik hotelarstwa<\/strong> \u2013 0,5 oddzia\u0142u (16 uczni\u00f3w)<\/li>\n<li>zaw\u00f3d: <strong>technik organizacji turystyki <\/strong>\u2013 0,5 oddzia\u0142u (16 uczni\u00f3w)<\/li>\n<li>zaw\u00f3d: <strong>technik \u017cywienia i us\u0142ug gastronomicznych <\/strong>\u2013 0,5 oddzia\u0142u (16 uczni\u00f3w)<\/li>\n<li>zaw\u00f3d: <strong>technik ekonomista<\/strong> \u2013 0,5 oddzia\u0142u (15 uczni\u00f3w)<\/li>\n<li>zaw\u00f3d: <strong>technik rachunkowo\u015bci<\/strong> \u2013 0,5 oddzia\u0142u (15 uczni\u00f3w)<\/li>\n<li>zaw\u00f3d: <strong>technik informatyk<\/strong> \u2013 1 oddzia\u0142 (26-28 uczni\u00f3w)<\/li>\n<li><strong>oddzia\u0142 przygotowania wojskowego (technik \u017cywienia i us\u0142ug gastronomicznych)<\/strong> \u2013 0,5 oddzia\u0142u (16 uczni\u00f3w)<\/li>\n<\/ul>\n<ol start=\"4\">\n<li>Ustala si\u0119 liczb\u0119 oddzia\u0142\u00f3w i uczni\u00f3w w <strong>Bran\u017cowej Szkole I stopnia im. Aleksandra Dziedzica:<\/strong><\/li>\n<\/ol>\n<ul>\n<li><strong>oddzia\u0142 wielozawodowy \u2013 <\/strong>1 oddzia\u0142 (32 uczni\u00f3w)<\/li>\n<\/ul>\n<ol start=\"5\">\n<li>Ustala si\u0119 nast\u0119puj\u0105ce terminy rekrutacyjne:<\/li>\n<\/ol>\n<ol style=\"list-style-type: lower-alpha;\" start=\"1\">\n<li><strong>od 13 maja do 4 lipca 2024 r. <\/strong>\u2013 sk\u0142adanie wniosku (podpisanego przez co najmniej jednego rodzica\/prawnego opiekuna) wraz z dokumentami potwierdzaj\u0105cymi spe\u0142nienie przez kandydata warunk\u00f3w lub kryteri\u00f3w branych pod uwag\u0119 w post\u0119powaniu rekrutacyjnym,<\/li>\n<li><strong>od 13 maja do 27 maja 2024 r. <\/strong>\u2013 sk\u0142adanie wniosku wraz z dokumentami do oddzia\u0142u przygotowania wojskowego (technik \u017cywienia i us\u0142ug gastronomicznych), w kt\u00f3rym dla kandydat\u00f3w przeprowadza si\u0119 pr\u00f3by sprawno\u015bci fizycznej,<\/li>\n<li><strong>od 13 maja do 11 lipca 2024 r. \u2013 <\/strong>wydanie przez szko\u0142\u0119 skierowania na badanie lekarskie (dotyczy uczni\u00f3w zakwalifikowanych w zawodach: <strong>technik hotelarstwa <\/strong>i<strong> technik \u017cywienia i us\u0142ug gastronomicznych),<\/strong><\/li>\n<li><strong>od 28 maja do 28 czerwca 2024 r. \u2013 <\/strong>przeprowadzenie przez komisj\u0119 rekrutacyjn\u0105 dla uczni\u00f3w oddzia\u0142u przygotowania wojskowego (technik \u017cywienia i us\u0142ug gastronomicznych) pr\u00f3b sprawno\u015bci fizycznej,<\/li>\n<li><strong>do 2 lipca 2024 r.<\/strong> \u2013 listy kandydat\u00f3w, kt\u00f3rzy uzyskali pozytywny wynik pr\u00f3b sprawno\u015bci fizycznej,<\/li>\n<li><strong>od 21 czerwca do 4 lipca 2024 r.<\/strong> \u2013 uzupe\u0142nieni wniosku o przyj\u0119cie do szko\u0142y ponadpodstawowej o \u015bwiadectwo uko\u0144czenia szko\u0142y i za\u015bwiadczenie o wynikach egzaminu \u00f3smoklasisty (kserokopie lub orygina\u0142y),<\/li>\n<li><strong>11 lipca 2024 r.<\/strong> <strong>do godz. 12:00 \u2013 <\/strong>podanie do publicznej wiadomo\u015bci przez komisj\u0119 rekrutacyjn\u0105 listy kandydat\u00f3w zakwalifikowanych i niezakwalifikowanych ,<\/li>\n<li><strong>Od 11 lipca do 15 lipca 2024 r.<\/strong> \u2013 potwierdzenie woli przyj\u0119cia do klasy przez uzupe\u0142nienie dokumentacji:<\/li>\n<\/ol>\n<ul>\n<li>orygina\u0142 \u015bwiadectwa uko\u0144czenia szko\u0142y podstawowej<\/li>\n<li>orygina\u0142 za\u015bwiadczenie o wynikach egzaminu \u00f3smoklasisty \u00a0(o ile nie zosta\u0142 one z\u0142o\u017cone w uzupe\u0142nieniu wniosku o przyj\u0119cie do szko\u0142y)<\/li>\n<li>za\u015bwiadczenie lekarskie zawieraj\u0105ce orzeczenie o braku przeciwwskaza\u0144 zdrowotnych do podj\u0119cia praktycznej nauki zawodu, w przypadku oddzia\u0142u wojskowego (technik \u017cywienia i us\u0142ug gastronomicznych) \u2013 ze szczeg\u00f3lnym zaznaczeniem tego oddzia\u0142u<\/li>\n<li>dwie fotografie (podpisane na odwrocie)<\/li>\n<li>w przypadku Bran\u017cowej Szko\u0142y, za\u015bwiadczenie o przyj\u0119ciu na praktyczn\u0105 nauk\u0119 zawodu lub umow\u0119,<\/li>\n<\/ul>\n<ol style=\"list-style-type: lower-alpha;\" start=\"9\">\n<li><strong>16 lipca 2024 r. do godz. 12:00 \u2013 <\/strong>og\u0142oszenie przez szkoln\u0105 komisj\u0119 rekrutacyjn\u0105 listy kandydat\u00f3w przyj\u0119tych do szko\u0142y i kandydat\u00f3w nieprzyj\u0119tych,<\/li>\n<li><strong>Rekrutacja uzupe\u0142niaj\u0105ca<\/strong><\/li>\n<\/ol>\n<ul>\n<li><strong>od 17 lipca do 24 lipca 2024 r.<\/strong> \u2013 sk\u0142adanie wniosku (podpisanego przez co najmniej jednego rodzica\/prawnego opiekuna) wraz z dokumentami potwierdzaj\u0105cymi spe\u0142nienie przez kandydata warunk\u00f3w lub kryteri\u00f3w branych pod uwag\u0119 w post\u0119powaniu rekrutacyjnym,<\/li>\n<li><strong>od 17 lipca do 18 lipca 2024 r. \u2013 <\/strong>sk\u0142adanie wniosku wraz z dokumentami do oddzia\u0142u przygotowania wojskowego (technik \u017cywienia i us\u0142ug gastronomicznych), w kt\u00f3rym dla kandydat\u00f3w przeprowadza si\u0119 pr\u00f3by sprawno\u015bci fizycznej,<\/li>\n<li><strong>od 17 lipca do 30 lipca 2024r. \u2013 <\/strong>wydanie przez szko\u0142\u0119 skierowania na badanie lekarskie (dotyczy uczni\u00f3w zakwalifikowanych w zawodach: <strong>technik hotelarstwa <\/strong>i<strong> technik \u017cywienia i us\u0142ug gastronomicznych),<\/strong><\/li>\n<li><strong>od 19 lipca do 22 lipca 2024 r. \u2013 <\/strong>przeprowadzenie przez komisj\u0119 rekrutacyjn\u0105 dla uczni\u00f3w oddzia\u0142u przygotowania wojskowego (technik \u017cywienia i us\u0142ug gastronomicznych) pr\u00f3b sprawno\u015bci fizycznej,<\/li>\n<li><strong>do 23 lipca 2024 r.<\/strong> \u2013 listy kandydat\u00f3w, kt\u00f3rzy uzyskali pozytywny wynik pr\u00f3b sprawno\u015bci fizycznej,<\/li>\n<li><strong>30 lipca 2024r.<\/strong> <strong>do godz. 12:00<\/strong> &#8211; podanie do publicznej wiadomo\u015bci przez komisj\u0119 rekrutacyjn\u0105 listy kandydat\u00f3w zakwalifikowanych i niezakwalifikowanych,<\/li>\n<li><strong>od 30 lipca do 1 sierpnia 2024r<\/strong>. <strong>.<\/strong> \u2013 potwierdzenie woli przyj\u0119cia do klasy przez uzupe\u0142nienie dokumentacji:\n<\/ul>\n<ul>\n<li>orygina\u0142 \u015bwiadectwa uko\u0144czenia szko\u0142y podstawowej<\/li>\n<li>orygina\u0142 za\u015bwiadczenie o wynikach egzaminu \u00f3smoklasisty\u00a0(o ile nie zosta\u0142 one z\u0142o\u017cone w uzupe\u0142nieniu wniosku o przyj\u0119cie do szko\u0142y)<\/li>\n<li>za\u015bwiadczenie lekarskie zawieraj\u0105ce orzeczenie o braku przeciwwskaza\u0144 zdrowotnych do podj\u0119cia praktycznej nauki zawodu, w przypadku oddzia\u0142u wojskowego (technik \u017cywienia i us\u0142ug gastronomicznych) \u2013 ze szczeg\u00f3lnym zaznaczeniem tego oddzia\u0142u<\/li>\n<li>dwie fotografie (podpisane na odwrocie)<\/li>\n<li>w przypadku Bran\u017cowej Szko\u0142y, za\u015bwiadczenie o przyj\u0119ciu na praktyczn\u0105 nauk\u0119 zawodu lub umow\u0119,<\/li>\n<\/li>\n<li><strong>2 sierpnia 2024r. do godz.12:00 \u2013 <\/strong>og\u0142oszenie przez szkoln\u0105 komisj\u0119 rekrutacyjn\u0105 listy kandydat\u00f3w przyj\u0119tych do szko\u0142y i kandydat\u00f3w nieprzyj\u0119tych w rekrutacji uzupe\u0142niaj\u0105cej.<\/li>\n<\/ul>\n<ol start=\"6\">\n<li>O przyj\u0119ciu kandydata do szko\u0142y decyduje suma punkt\u00f3w uzyskanych z egzaminu \u00f3smoklasisty i przyznanych przez komisj\u0119 na podstawie ocen i osi\u0105gni\u0119\u0107 ze \u015bwiadectwa uko\u0144czenia szko\u0142y podstawowej.<\/li>\n<li>Dla ustalenia kandydatom liczby punkt\u00f3w za oceny ze \u015bwiadectwa uko\u0144czenia szko\u0142y podstawowej bierze si\u0119 pod uwag\u0119 oceny z nast\u0119puj\u0105cych zaj\u0119\u0107 edukacyjnych: <strong>j\u0119zyk polski, j\u0119zyk obcy, matematyka, geografia.<\/strong><\/li>\n<li>Wyniki egzaminu \u00f3smoklasisty wyra\u017cone w skali procentowej dla zada\u0144 z zakresu nast\u0119puj\u0105cych przedmiot\u00f3w:<\/li>\n<\/ol>\n<ul>\n<li>j\u0119zyk polski mno\u017cy si\u0119 przez 0,35<\/li>\n<li>matematyk\u0119 mno\u017cy si\u0119 przez 0,35<\/li>\n<li>j\u0119zyk obcy nowo\u017cytni mno\u017cy si\u0119 przez 0,35<\/li>\n<\/ul>\n<ul>\n<ol start=\"9\">\n<li>Przyjmuje si\u0119 nast\u0119puj\u0105ce zasady przeliczania na punkty ocen ze \u015bwiadectwa uko\u0144czenia szko\u0142y podstawowej:\n<\/ol>\n<ol style=\"list-style-type: lower-alpha;\" start=\"1\">\n<li>celuj\u0105cy \u2013 <strong>18 punkt\u00f3w<\/strong><\/li>\n<li>bardzo dobry \u2013 <strong>17 punkt\u00f3w<\/strong><\/li>\n<li>dobry \u2013 <strong>14 punkt\u00f3w<\/strong><\/li>\n<li>dostateczny \u2013 <strong>8 punkt\u00f3w<\/strong><\/li>\n<li>dopuszczaj\u0105cy \u2013 <strong>2 punkty<\/strong><\/li>\n<\/ol>\n<ol start=\"10\">\n<li>Za inne osi\u0105gni\u0119cia ucznia wymienione w \u015bwiadectwie uko\u0144czenia szko\u0142y podstawowej kandydat mo\u017ce uzyska\u0107 co najwy\u017cej <strong>28 punkt\u00f3w, <\/strong>przy czym:<\/li>\n<\/ol>\n<ol style=\"list-style-type: lower-alpha;\" start=\"1\">\n<li>za uko\u0144czenie szko\u0142y z wyr\u00f3\u017cnieniem \u2013 <strong>7 punkt\u00f3w<\/strong><\/li>\n<li>za osi\u0105gni\u0119cia w zakresie aktywno\u015bci spo\u0142ecznej, w tym na rzecz \u015brodowiska szkolnego w szczeg\u00f3lno\u015bci w formie wolontariatu \u2013 <strong>3 punkty<\/strong><\/li>\n<li>za udzia\u0142 w konkursach organizowanych przez kuratora o\u015bwiaty, za wi\u0119cej ni\u017c jedno osi\u0105gni\u0119cie w zawodach wiedzy, artystycznych i sportowych maksymalna liczba punkt\u00f3w to <strong>18 punkt\u00f3w.<\/strong><\/li>\n<ol start=\"11\">\n<li>Kandydat mo\u017ce uzyska\u0107 maksymalnie <strong>200 punkt\u00f3w.<\/strong><\/li>\n<\/ol>\n<\/li>\n<p>Do pobrania:<\/p>\n<p><a href=\"http:\/\/zsht.pl\/strona\/wp-content\/uploads\/2024\/04\/Regulamin-rekrutacji.pdf\">Regulamin rekrutacji<\/a><\/p>\n<p><a href=\"http:\/\/zsht.pl\/strona\/wp-content\/uploads\/2024\/04\/orzeczenie-lekarskie.pdf\">Orzeczenie lekarskie<\/a><\/p>\n<p><a href=\"http:\/\/zsht.pl\/strona\/wp-content\/uploads\/2024\/04\/TEST-SPRAWNOSCI-FIZYCZNEJ-DLA-KANDYDATOW.pdf\">Test sprawno\u015bci fizycznej dla kandydat\u00f3w do Oddzia\u0142u Przygotowania Wojskowego<\/a><\/p>\n<p><a href=\"http:\/\/zsht.pl\/strona\/wp-content\/uploads\/2024\/04\/OSWIADCZENIE-RODZICOW.pdf\">O\u015bwiadczenie rodzic\u00f3w dla kandydat\u00f3w do Oddzia\u0142u Przygotowania Wojskowego<\/a><\/p>\n<p><a href=\"http:\/\/zsht.pl\/strona\/wp-content\/uploads\/2024\/04\/REGULAMIN-REKRUTACJI-DO-INTERNATU.pdf\">Regulamin rekrutacji do internatu<\/a><\/p>\n<p>&nbsp;<\/p>\n","protected":false},"excerpt":{"rendered":"<p>REGULAMIN REKRUTACJI Regulamin rekrutacji opracowano na podstawie: -Rozporz\u0105dzenie MEN z dnia 18 listopada 2022 r. w sprawie przeprowadzenia post\u0119powania rekrutacyjnego oraz post\u0119powania uzupe\u0142niaj\u0105cego\u00a0 do publicznych przedszkoli, szk\u00f3\u0142, plac\u00f3wek i centr\u00f3w &#8211; Uchwa\u0142y Zarz\u0105du Powiatu Tatrza\u0144skiego Rekrutacji uczni\u00f3w dokonuje Komisja Rekrutacyjna,<\/p>\n","protected":false},"author":1,"featured_media":0,"parent":0,"menu_order":0,"comment_status":"closed","ping_status":"closed","template":"rekrutacja.php","meta":[],"_links":{"self":[{"href":"http:\/\/zsht.pl\/strona\/index.php\/wp-json\/wp\/v2\/pages\/13167"}],"collection":[{"href":"http:\/\/zsht.pl\/strona\/index.php\/wp-json\/wp\/v2\/pages"}],"about":[{"href":"http:\/\/zsht.pl\/strona\/index.php\/wp-json\/wp\/v2\/types\/page"}],"author":[{"embeddable":true,"href":"http:\/\/zsht.pl\/strona\/index.php\/wp-json\/wp\/v2\/users\/1"}],"replies":[{"embeddable":true,"href":"http:\/\/zsht.pl\/strona\/index.php\/wp-json\/wp\/v2\/comments?post=13167"}],"version-history":[{"count":13,"href":"http:\/\/zsht.pl\/strona\/index.php\/wp-json\/wp\/v2\/pages\/13167\/revisions"}],"predecessor-version":[{"id":13186,"href":"http:\/\/zsht.pl\/strona\/index.php\/wp-json\/wp\/v2\/pages\/13167\/revisions\/13186"}],"wp:attachment":[{"href":"http:\/\/zsht.pl\/strona\/index.php\/wp-json\/wp\/v2\/media?parent=13167"}],"curies":[{"name":"wp","href":"https:\/\/api.w.org\/{rel}","templated":true}]}}