{"id":18392,"date":"2025-11-27T13:03:01","date_gmt":"2025-11-27T12:03:01","guid":{"rendered":"https:\/\/zsht.pl\/strona\/?page_id=18392"},"modified":"2025-11-27T13:19:08","modified_gmt":"2025-11-27T12:19:08","slug":"zit","status":"publish","type":"page","link":"http:\/\/zsht.pl\/strona\/index.php\/zit\/","title":{"rendered":"Rozw\u00f3j kszta\u0142cenia zawodowego w powiecie tatrza\u0144skim"},"content":{"rendered":"<p><img loading=\"lazy\" class=\"alignnone size-full wp-image-18393\" src=\"http:\/\/zsht.pl\/strona\/wp-content\/uploads\/2025\/11\/zit.png\" alt=\"\" width=\"8269\" height=\"710\" srcset=\"http:\/\/zsht.pl\/strona\/wp-content\/uploads\/2025\/11\/zit.png 8269w, http:\/\/zsht.pl\/strona\/wp-content\/uploads\/2025\/11\/zit-300x26.png 300w, http:\/\/zsht.pl\/strona\/wp-content\/uploads\/2025\/11\/zit-1024x88.png 1024w, http:\/\/zsht.pl\/strona\/wp-content\/uploads\/2025\/11\/zit-768x66.png 768w, http:\/\/zsht.pl\/strona\/wp-content\/uploads\/2025\/11\/zit-1536x132.png 1536w, http:\/\/zsht.pl\/strona\/wp-content\/uploads\/2025\/11\/zit-2048x176.png 2048w\" sizes=\"(max-width: 8269px) 100vw, 8269px\" \/><\/p>\n<p>Powiat Tatrza\u0144ski uzyska\u0142 dofinansowanie Projektu Nr FEMP.06.31-IP.01-1538\/24<\/p>\n<p>Tytu\u0142 projektu: \u201eRozw\u00f3j kszta\u0142cenia zawodowego w powiecie tatrza\u0144skim\u201d.<\/p>\n<p>&nbsp;<\/p>\n<p>Beneficjentem Projektu jest:<\/p>\n<ul>\n<li>Powiat Tatrza\u0144ski z siedzib\u0105 w Zakopanem, ul. Chramc\u00f3wki 15, 34-500 Zakopane.<\/li>\n<\/ul>\n<p>Podmiotami realizuj\u0105cymi Projekt s\u0105:<\/p>\n<ol>\n<li>Zesp\u00f3\u0142 Szk\u00f3\u0142 Budowlanych im. W\u0142adys\u0142awa Matlakowskiego w Zakopanem, ul.\u00a0Krup\u00f3wki\u00a08, 34-500 Zakopane;<\/li>\n<li>Zesp\u00f3\u0142 Szk\u00f3\u0142 Hotelarsko Turystycznych im. W\u0142adys\u0142awa Zamoyskiego, ul.\u00a0Partyzant\u00f3w\u00a01\/5, 34-500 Zakopane.<\/li>\n<\/ol>\n<p>Projekt skierowany jest do uczni\u00f3w i nauczycieli ww. szk\u00f3\u0142.<\/p>\n<p>Celem projektu jest wsparcie szk\u00f3\u0142 prowadzonych przez Powiat Tatrza\u0144ski w\u00a0zakresie kszta\u0142cenia zawodowego oraz podniesienie jako\u015bci kszta\u0142cenia zawodowego g\u0142\u00f3wnie poprzez realizacj\u0119 kurs\u00f3w i szkole\u0144 dla uczni\u00f3w i nauczycieli oraz organizacj\u0119 sta\u017cy zawodowych w\u00a0zak\u0142adach pracy.<\/p>\n<p>Rezultatami projektu b\u0119d\u0105 m. in. rozw\u00f3j wiedzy uczni\u00f3w, ich umiej\u0119tno\u015bci i kompetencji zawodowych, po\u017c\u0105danych na rynku pracy; zwi\u0119kszenie kompetencji zawodowych nauczycieli oraz rozw\u00f3j wsp\u00f3\u0142pracy mi\u0119dzy szko\u0142ami a przedsi\u0119biorstwami przyjmuj\u0105cymi uczni\u00f3w na sta\u017c.<\/p>\n<p>Dzia\u0142ania w ramach Projektu obejmuj\u0105 r\u00f3wnie\u017c spotkania i prelekcje prowadzone przez pracodawc\u00f3w, wykorzystanie do\u015bwiadcze\u0144 z innych kraj\u00f3w europejskich oraz wsparcie w\u00a0zakresie przeciwdzia\u0142ania przemocy, dyskryminacji lub nier\u00f3wno\u015bciom; uwra\u017cliwienie na potrzeby os\u00f3b z niepe\u0142nosprawno\u015bciami oraz os\u00f3b ze specjalnymi potrzebami, a tak\u017ce wzrost \u015bwiadomo\u015bci ekologicznej.<\/p>\n<p>Ca\u0142kowita warto\u015b\u0107 projektu: 1.476.604,80 z\u0142, w tym:<\/p>\n<ul>\n<li>realizacja form wsparcia dla ZSB: 386.438,00 z\u0142<\/li>\n<li>realizacja form wsparcia dla ZSHT: 844.066,00 z\u0142<\/li>\n<li>koszty po\u015brednie: 246.100,80 z\u0142<\/li>\n<\/ul>\n<p>Dofinansowanie z Unii Europejskiej: 1.255.114,08 z\u0142,<\/p>\n<p>Bud\u017cet Pa\u0144stwa: 73.830,24 z\u0142 ,<\/p>\n<p>Wk\u0142ad w\u0142asny: 147.660,48 z\u0142,<\/p>\n<p>Fundusz: Europejski Fundusz Spo\u0142eczny Plus,<\/p>\n<p>Program: Fundusze Europejskie dla Ma\u0142opolski 2021 \u2013 2027,<\/p>\n<p>Priorytet: 6. Fundusze europejskie dla rynku pracy, edukacji i w\u0142\u0105czenia spo\u0142ecznego,<\/p>\n<p>Dzia\u0142anie: Dzia\u0142anie 6.31 Wsparcie kszta\u0142cenia zawodowego \u2013 ZIT, Typ A. Podniesienie jako\u015bci kszta\u0142cenia zawodowego.<\/p>\n","protected":false},"excerpt":{"rendered":"<p>Powiat Tatrza\u0144ski uzyska\u0142 dofinansowanie Projektu Nr FEMP.06.31-IP.01-1538\/24 Tytu\u0142 projektu: \u201eRozw\u00f3j kszta\u0142cenia zawodowego w powiecie tatrza\u0144skim\u201d. &nbsp; Beneficjentem Projektu jest: Powiat Tatrza\u0144ski z siedzib\u0105 w Zakopanem, ul. Chramc\u00f3wki 15, 34-500 Zakopane. Podmiotami realizuj\u0105cymi Projekt s\u0105: Zesp\u00f3\u0142 Szk\u00f3\u0142 Budowlanych im. W\u0142adys\u0142awa Matlakowskiego<\/p>\n","protected":false},"author":1,"featured_media":0,"parent":0,"menu_order":0,"comment_status":"closed","ping_status":"closed","template":"zit.php","meta":[],"_links":{"self":[{"href":"http:\/\/zsht.pl\/strona\/index.php\/wp-json\/wp\/v2\/pages\/18392"}],"collection":[{"href":"http:\/\/zsht.pl\/strona\/index.php\/wp-json\/wp\/v2\/pages"}],"about":[{"href":"http:\/\/zsht.pl\/strona\/index.php\/wp-json\/wp\/v2\/types\/page"}],"author":[{"embeddable":true,"href":"http:\/\/zsht.pl\/strona\/index.php\/wp-json\/wp\/v2\/users\/1"}],"replies":[{"embeddable":true,"href":"http:\/\/zsht.pl\/strona\/index.php\/wp-json\/wp\/v2\/comments?post=18392"}],"version-history":[{"count":2,"href":"http:\/\/zsht.pl\/strona\/index.php\/wp-json\/wp\/v2\/pages\/18392\/revisions"}],"predecessor-version":[{"id":18396,"href":"http:\/\/zsht.pl\/strona\/index.php\/wp-json\/wp\/v2\/pages\/18392\/revisions\/18396"}],"wp:attachment":[{"href":"http:\/\/zsht.pl\/strona\/index.php\/wp-json\/wp\/v2\/media?parent=18392"}],"curies":[{"name":"wp","href":"https:\/\/api.w.org\/{rel}","templated":true}]}}