{"id":18500,"date":"2025-12-08T16:50:24","date_gmt":"2025-12-08T15:50:24","guid":{"rendered":"https:\/\/zsht.pl\/strona\/?page_id=18500"},"modified":"2025-12-08T16:53:10","modified_gmt":"2025-12-08T15:53:10","slug":"zamowienia-publiczne","status":"publish","type":"page","link":"http:\/\/zsht.pl\/strona\/index.php\/zamowienia-publiczne\/","title":{"rendered":"Zam\u00f3wienia publiczne"},"content":{"rendered":"<p><a href=\"http:\/\/zsht.pl\/strona\/wp-content\/uploads\/2025\/12\/2025_BZP-00580396_01_P.pdf\">Plan post\u0119powa\u0144 o udzielenie zam\u00f3wie\u0144 na rok 2025<\/a><\/p>\n<p>&nbsp;<\/p>\n","protected":false},"excerpt":{"rendered":"<p>Plan post\u0119powa\u0144 o udzielenie zam\u00f3wie\u0144 na rok 2025 &nbsp;<\/p>\n","protected":false},"author":1,"featured_media":0,"parent":0,"menu_order":0,"comment_status":"closed","ping_status":"closed","template":"zit.php","meta":[],"_links":{"self":[{"href":"http:\/\/zsht.pl\/strona\/index.php\/wp-json\/wp\/v2\/pages\/18500"}],"collection":[{"href":"http:\/\/zsht.pl\/strona\/index.php\/wp-json\/wp\/v2\/pages"}],"about":[{"href":"http:\/\/zsht.pl\/strona\/index.php\/wp-json\/wp\/v2\/types\/page"}],"author":[{"embeddable":true,"href":"http:\/\/zsht.pl\/strona\/index.php\/wp-json\/wp\/v2\/users\/1"}],"replies":[{"embeddable":true,"href":"http:\/\/zsht.pl\/strona\/index.php\/wp-json\/wp\/v2\/comments?post=18500"}],"version-history":[{"count":1,"href":"http:\/\/zsht.pl\/strona\/index.php\/wp-json\/wp\/v2\/pages\/18500\/revisions"}],"predecessor-version":[{"id":18502,"href":"http:\/\/zsht.pl\/strona\/index.php\/wp-json\/wp\/v2\/pages\/18500\/revisions\/18502"}],"wp:attachment":[{"href":"http:\/\/zsht.pl\/strona\/index.php\/wp-json\/wp\/v2\/media?parent=18500"}],"curies":[{"name":"wp","href":"https:\/\/api.w.org\/{rel}","templated":true}]}}