{"id":2893,"date":"2019-02-07T12:06:29","date_gmt":"2019-02-07T11:06:29","guid":{"rendered":"http:\/\/zsht.pl\/strona\/?page_id=2893"},"modified":"2025-09-05T08:15:20","modified_gmt":"2025-09-05T06:15:20","slug":"2893-2","status":"publish","type":"page","link":"http:\/\/zsht.pl\/strona\/index.php\/2893-2\/","title":{"rendered":"Rada Zespo\u0142u"},"content":{"rendered":"<p style=\"text-align: center;\"><strong>Szanowni Pa\u0144stwo!<\/strong><\/p>\n<p>Rada Szko\u0142y Zespo\u0142u Szk\u00f3\u0142 Hotelarsko Turystycznych w\u00a0 Zakopanem zwraca si\u0119 z uprzejm\u0105 pro\u015bb\u0105 o dokonywanie wp\u0142at na <strong>Fundusz Rady Zespo\u0142u<\/strong> z przeznaczeniem na:<\/p>\n<ul>\n<li>Zakup niezb\u0119dnych pomocy dydaktycznych \u2013 w tym podr\u0119cznik\u00f3w, komputer\u00f3w, tablic interaktywnych, oprogramowa\u0144, rzutnik\u00f3w, sprz\u0119tu sportowego<\/li>\n<li>Nagrody dla uczni\u00f3w za bardzo dobre wyniki w nauce, osi\u0105gni\u0119cia w zawodach sportowych i konkursach<\/li>\n<li>Inne potrzeby uczni\u00f3w \u2013 wyjazdy na zawody sportowe, olimpiady, konkursy itp.<\/li>\n<\/ul>\n<p>&nbsp;<\/p>\n<p style=\"text-align: center;\"><strong>Prosimy o dokonywanie wp\u0142at\u00a0 na konto:<\/strong><\/p>\n<p style=\"text-align: center;\"><strong>83 1600 1042 1714 0386 2000 0562<\/strong><\/p>\n","protected":false},"excerpt":{"rendered":"<p>Szanowni Pa\u0144stwo! Rada Szko\u0142y Zespo\u0142u Szk\u00f3\u0142 Hotelarsko Turystycznych w\u00a0 Zakopanem zwraca si\u0119 z uprzejm\u0105 pro\u015bb\u0105 o dokonywanie wp\u0142at na Fundusz Rady Zespo\u0142u z przeznaczeniem na: Zakup niezb\u0119dnych pomocy dydaktycznych \u2013 w tym podr\u0119cznik\u00f3w, komputer\u00f3w, tablic interaktywnych, oprogramowa\u0144, rzutnik\u00f3w, sprz\u0119tu sportowego<\/p>\n","protected":false},"author":1,"featured_media":0,"parent":0,"menu_order":0,"comment_status":"closed","ping_status":"closed","template":"uczen.php","meta":[],"_links":{"self":[{"href":"http:\/\/zsht.pl\/strona\/index.php\/wp-json\/wp\/v2\/pages\/2893"}],"collection":[{"href":"http:\/\/zsht.pl\/strona\/index.php\/wp-json\/wp\/v2\/pages"}],"about":[{"href":"http:\/\/zsht.pl\/strona\/index.php\/wp-json\/wp\/v2\/types\/page"}],"author":[{"embeddable":true,"href":"http:\/\/zsht.pl\/strona\/index.php\/wp-json\/wp\/v2\/users\/1"}],"replies":[{"embeddable":true,"href":"http:\/\/zsht.pl\/strona\/index.php\/wp-json\/wp\/v2\/comments?post=2893"}],"version-history":[{"count":8,"href":"http:\/\/zsht.pl\/strona\/index.php\/wp-json\/wp\/v2\/pages\/2893\/revisions"}],"predecessor-version":[{"id":17518,"href":"http:\/\/zsht.pl\/strona\/index.php\/wp-json\/wp\/v2\/pages\/2893\/revisions\/17518"}],"wp:attachment":[{"href":"http:\/\/zsht.pl\/strona\/index.php\/wp-json\/wp\/v2\/media?parent=2893"}],"curies":[{"name":"wp","href":"https:\/\/api.w.org\/{rel}","templated":true}]}}