{"id":3481,"date":"2019-07-08T10:37:17","date_gmt":"2019-07-08T08:37:17","guid":{"rendered":"http:\/\/zsht.pl\/strona\/?page_id=3481"},"modified":"2025-08-26T10:18:25","modified_gmt":"2025-08-26T08:18:25","slug":"podreczniki","status":"publish","type":"page","link":"http:\/\/zsht.pl\/strona\/index.php\/podreczniki\/","title":{"rendered":"Podr\u0119czniki"},"content":{"rendered":"<p>Wykaz podr\u0119cznik\u00f3w na rok szkolny 2025\/2026<\/p>\n<p><a href=\"http:\/\/zsht.pl\/strona\/wp-content\/uploads\/2025\/07\/T2-podreczniki-rok-szkolny-2025_2026.pdf\">Technikum<\/a><\/p>\n<p><a href=\"http:\/\/zsht.pl\/strona\/wp-content\/uploads\/2025\/07\/BS-podreczniki-rok-szkolny-2025_2026.pdf\">Bran\u017cowa Szko\u0142a<\/a><\/p>\n","protected":false},"excerpt":{"rendered":"<p>Wykaz podr\u0119cznik\u00f3w na rok szkolny 2025\/2026 Technikum Bran\u017cowa Szko\u0142a<\/p>\n","protected":false},"author":1,"featured_media":0,"parent":0,"menu_order":0,"comment_status":"closed","ping_status":"closed","template":"uczen.php","meta":[],"_links":{"self":[{"href":"http:\/\/zsht.pl\/strona\/index.php\/wp-json\/wp\/v2\/pages\/3481"}],"collection":[{"href":"http:\/\/zsht.pl\/strona\/index.php\/wp-json\/wp\/v2\/pages"}],"about":[{"href":"http:\/\/zsht.pl\/strona\/index.php\/wp-json\/wp\/v2\/types\/page"}],"author":[{"embeddable":true,"href":"http:\/\/zsht.pl\/strona\/index.php\/wp-json\/wp\/v2\/users\/1"}],"replies":[{"embeddable":true,"href":"http:\/\/zsht.pl\/strona\/index.php\/wp-json\/wp\/v2\/comments?post=3481"}],"version-history":[{"count":11,"href":"http:\/\/zsht.pl\/strona\/index.php\/wp-json\/wp\/v2\/pages\/3481\/revisions"}],"predecessor-version":[{"id":17510,"href":"http:\/\/zsht.pl\/strona\/index.php\/wp-json\/wp\/v2\/pages\/3481\/revisions\/17510"}],"wp:attachment":[{"href":"http:\/\/zsht.pl\/strona\/index.php\/wp-json\/wp\/v2\/media?parent=3481"}],"curies":[{"name":"wp","href":"https:\/\/api.w.org\/{rel}","templated":true}]}}