{"id":403,"date":"2018-01-28T21:29:12","date_gmt":"2018-01-28T20:29:12","guid":{"rendered":"http:\/\/zsht.pl\/strona\/?page_id=403"},"modified":"2018-10-16T13:11:22","modified_gmt":"2018-10-16T11:11:22","slug":"piatek","status":"publish","type":"page","link":"http:\/\/zsht.pl\/strona\/index.php\/piatek\/","title":{"rendered":"Pi\u0105tek"},"content":{"rendered":"<h1 class=\"text-uppercase text-center py-2 text-primary\">zast\u0119pstwa na pi\u0105tek<\/h1>\n<div class=\"strona text-uppercase py-2\"><center><a href=\"http:\/\/zsht.pl\/strona\/index.php\/poniedzialek\/\"><button class=\"text-uppercase\">poniedzia\u0142ek<\/button><\/a> <a href=\"http:\/\/zsht.pl\/strona\/index.php\/wtorek\/\"><button class=\"text-uppercase\">wtorek<\/button><\/a> <a href=\"http:\/\/zsht.pl\/strona\/index.php\/sroda\/\"><button class=\"text-uppercase\">\u015broda<\/button><\/a> <a href=\"http:\/\/zsht.pl\/strona\/index.php\/czwartek\/\"><button class=\"text-uppercase\">czwartek<\/button><\/a> <a href=\"http:\/\/zsht.pl\/strona\/index.php\/piatek\/\"><button class=\"text-uppercase\">pi\u0105tek<\/button><\/a><\/center><\/div>\n<style type=\"text\/css\">\r\n       .errordiv { padding:10px; margin:10px; border: 1px solid #555555;color: #000000;background-color: #f8f8f8; width:500px; }#advanced_iframe {visibility:visible;opacity:1;vertical-align:top;}.ai-info-bottom-iframe { position: fixed; z-index: 10000; bottom:0; left: 0; margin: 0px; text-align: center; width: 100%; background-color: #ff9999; padding-left: 5px;padding-bottom: 5px; border-top: 1px solid #aaa } a.ai-bold {font-weight: bold;}#ai-layer-div-advanced_iframe p {height:100%;margin:0;padding:0}<\/style><script type=\"text\/javascript\">var ai_iframe_width_advanced_iframe = 0;var ai_iframe_height_advanced_iframe = 0;var aiIsIe8=false;var aiOnloadScrollTop=\"true\";var aiShowDebug=false;\r\n\t\tif (typeof aiReadyCallbacks === 'undefined') {\r\n\t\t\tvar aiReadyCallbacks = [];  \r\n\t\t} else if (!(aiReadyCallbacks instanceof Array)) {\r\n\t\t\tvar aiReadyCallbacks = [];\r\n\t\t}    function aiShowIframeId(id_iframe) { jQuery(\"#\"+id_iframe).css(\"visibility\", \"visible\");    }    function aiResizeIframeHeight(height) { aiResizeIframeHeight(height,advanced_iframe); }    function aiResizeIframeHeightId(height,width,id) {aiResizeIframeHeightById(id,height);}<\/script><iframe id=\"advanced_iframe\"  name=\"advanced_iframe\"  src=\"http:\/\/hotelarz.zsht.pl\/zas\/pt\/index.pdf#zoom=95\"  width=\"100%\"  height=\"1200\"  frameborder=\"0\"  allowtransparency=\"true\"  loading=\"lazy\"  style=\";width:100%;height:1200px;\" ><\/iframe><script type=\"text\/javascript\">var ifrm_advanced_iframe = document.getElementById(\"advanced_iframe\");var hiddenTabsDoneadvanced_iframe = false;\r\nfunction resizeCallbackadvanced_iframe() {}<\/script><script type=\"text\/javascript\"><\/script>\n","protected":false},"excerpt":{"rendered":"<p>zast\u0119pstwa na pi\u0105tek poniedzia\u0142ek wtorek \u015broda czwartek pi\u0105tek<\/p>\n","protected":false},"author":1,"featured_media":0,"parent":0,"menu_order":0,"comment_status":"closed","ping_status":"closed","template":"","meta":[],"_links":{"self":[{"href":"http:\/\/zsht.pl\/strona\/index.php\/wp-json\/wp\/v2\/pages\/403"}],"collection":[{"href":"http:\/\/zsht.pl\/strona\/index.php\/wp-json\/wp\/v2\/pages"}],"about":[{"href":"http:\/\/zsht.pl\/strona\/index.php\/wp-json\/wp\/v2\/types\/page"}],"author":[{"embeddable":true,"href":"http:\/\/zsht.pl\/strona\/index.php\/wp-json\/wp\/v2\/users\/1"}],"replies":[{"embeddable":true,"href":"http:\/\/zsht.pl\/strona\/index.php\/wp-json\/wp\/v2\/comments?post=403"}],"version-history":[{"count":6,"href":"http:\/\/zsht.pl\/strona\/index.php\/wp-json\/wp\/v2\/pages\/403\/revisions"}],"predecessor-version":[{"id":2126,"href":"http:\/\/zsht.pl\/strona\/index.php\/wp-json\/wp\/v2\/pages\/403\/revisions\/2126"}],"wp:attachment":[{"href":"http:\/\/zsht.pl\/strona\/index.php\/wp-json\/wp\/v2\/media?parent=403"}],"curies":[{"name":"wp","href":"https:\/\/api.w.org\/{rel}","templated":true}]}}