{"id":5449,"date":"2020-09-23T09:34:17","date_gmt":"2020-09-23T07:34:17","guid":{"rendered":"http:\/\/zsht.pl\/strona\/?page_id=5449"},"modified":"2025-01-23T10:23:43","modified_gmt":"2025-01-23T09:23:43","slug":"deklaracja-dostepnosci","status":"publish","type":"page","link":"http:\/\/zsht.pl\/strona\/index.php\/deklaracja-dostepnosci\/","title":{"rendered":"Deklaracja dost\u0119pno\u015bci"},"content":{"rendered":"<h2><strong>Deklaracja dost\u0119pno\u015bci cyfrowej dla strony zsht.pl<\/strong><\/h2>\n<h5>Wst\u0119p deklaracji<\/h5>\n<p><span id=\"\u201ea11y-Zesp\u00f3\u0142\">Zesp\u00f3\u0142 Szk\u00f3\u0142 Hotelarsko Turystycznych im. W\u0142adys\u0142awa Zamoyskiego w Zakopanem<\/span> zobowi\u0105zuje si\u0119 zapewni\u0107 dost\u0119pno\u015b\u0107 swojej strony <a href=\"http:\/\/zsht.pl\">zsht.pl<\/a> zgodnie z przepisami ustawy z dnia 4 kwietnia 2019 r. o dost\u0119pno\u015bci cyfrowej stron internetowych i aplikacji mobilnych podmiot\u00f3w publicznych. O\u015bwiadczenie w sprawie dost\u0119pno\u015bci ma zastosowanie do strony <a href=\"http:\/\/zsht.pl\">zsht.pl<\/a><\/p>\n<h5>Dane teleadresowe jednostki:<\/h5>\n<p>Zesp\u00f3\u0142 Szk\u00f3\u0142 Hotelarsko Turystycznych im. W\u0142adys\u0142awa Zamoyskiego w Zakopanem, zwany dalej ZSHT.<\/p>\n<p>Telefon: +48 182066846<\/p>\n<p>E-mail: <a href=\"mailto:sekretariat@zsht.pl\">sekretariat@zsht.pl<\/a><\/p>\n<h5>Adres do korespondencji:<\/h5>\n<p>Zesp\u00f3\u0142 Szk\u00f3\u0142 Hotelarsko Turystycznych im. W\u0142adys\u0142awa Zamoyskiego w Zakopanem<\/p>\n<p>Partyzant\u00f3w 1\/5<\/p>\n<p>34-500 Zakopane<\/p>\n<p>Data publikacji strony internetowej: 2018-02-01<\/p>\n<p>Data ostatniej istotnej aktualizacji: 2020-02-20<\/p>\n<p>Strona Zespo\u0142u Szk\u00f3\u0142 Hotelarsko Turystycznych im. W\u0142adys\u0142awa Zamoyskiego w Zakopanem jest cz\u0119\u015bciowo zgodna z ustaw\u0105 z dnia 4 kwietnia 2019 r. o dost\u0119pno\u015bci cyfrowej stron internetowych i aplikacji mobilnych podmiot\u00f3w publicznych z powodu niezgodno\u015bci lub wy\u0142\u0105cze\u0144 wymienionych poni\u017cej:<\/p>\n<p>Strona Zespo\u0142u Szk\u00f3\u0142 Hotelarsko Turystycznych im. W\u0142adys\u0142awa Zamoyskiego w Zakopanem jest cz\u0119\u015bciowo zgodna z ustaw\u0105 z dnia 4 kwietnia 2019r. o dost\u0119pno\u015bci cyfrowej stron internetowych i aplikacji mobilnych podmiot\u00f3w publicznych (Dz. U. z 2019r. poz. 848).<\/p>\n<p>Zamieszczone na stronie ZSHT informacje, w postaci za\u0142\u0105cznik\u00f3w, nie s\u0105 dost\u0119pne cyfrowo w ca\u0142o\u015bci; s\u0105 w formie skan\u00f3w (z uwagi na charakter informacji publicznej).<\/p>\n<p>U\u0142atwienia na stronie Zespo\u0142u Szk\u00f3\u0142 Hotelarsko Turystycznych im. W\u0142adys\u0142awa Zamoyskiego w Zakopanem<\/p>\n<p>-zmiany kontrastu w 2 trybach: normalny i wysoki kontrast<\/p>\n<p>-zmiana wielko\u015bci znak\u00f3w w 8 rozmiarach<\/p>\n<p>-adres jest zar\u00f3wno w stopce jak i tzw. metatagach<\/p>\n<h5>Data sporz\u0105dzenia deklaracji<\/h5>\n<p>Deklaracj\u0119 sporz\u0105dzono dnia 2020-09-23<\/p>\n<p>Data ostatniego przegl\u0105du i aktualizacji deklaracji: 2023-03-31<\/p>\n<p>Deklaracj\u0119 sporz\u0105dzono na podstawie samooceny przeprowadzonej przez podmiot publiczny.<\/p>\n<p>Skr\u00f3ty klawiaturowe<\/p>\n<p>Na stronie internetowej mo\u017cna u\u017cywa\u0107 standardowych skr\u00f3t\u00f3w klawiaturowych przegl\u0105darki.<\/p>\n<h5>Informacje zwrotne i dane kontaktowe<\/h5>\n<p>Osoba do kontaktu w sprawie dost\u0119pno\u015bci: Maciej G\u0105sienica-Walczak \u2013 kierownik gospodarczy Telefon: 182066846<\/p>\n<p>E-mail: <a href=\"m.gasienica-walczak@zsht.pl\">m.gasienica-walczak@zsht.pl<\/a><\/p>\n<h5>Procedura wnioskowo-skargowa<\/h5>\n<p>W przypadku napotkania problem\u00f3w z dost\u0119pno\u015bci\u0105 strony internetowej prosimy o niezw\u0142oczny kontakt do osoby odpowiedzialnej za dost\u0119pno\u015b\u0107 do strony, to jest:<\/p>\n<p>Maciej G\u0105sienica-Walczak \u2013 kierownik gospodarczy Telefon: 182066846<\/p>\n<p>E-mail:\u00a0 <a href=\"m.gasienica-walczak@zsht.pl\">m.gasienica-walczak@zsht.pl<\/a><\/p>\n<p>Drog\u0105 mailow\u0105 i \/ lub telefoniczn\u0105 mo\u017cna sk\u0142ada\u0107 wnioski o udost\u0119pnienie szukanych informacji oraz sk\u0142ada\u0107 skargi na brak zapewnienia dost\u0119pno\u015bci, a tak\u017ce wnioskowa\u0107 o uzupe\u0142nienie tre\u015bci na stronie. Ka\u017cdy z Pa\u0144stwa ma prawo wyst\u0105pi\u0107 o zapewnienie dost\u0119pno\u015bci cyfrowej strony internetowej, wzgl\u0119dnie innego szukanego dokumentu, pliku, informacji, etc. Ponadto ka\u017cdy z Pa\u0144stwa ma prawo wnioskowa\u0107 o udost\u0119pnienie informacji w formach alternatywnych, na przyk\u0142ad odczytanie niedost\u0119pnego cyfrowo dokumentu.<\/p>\n<h5>Wyst\u0105pienie \/ wniosek \/ \u017c\u0105danie powinny zawiera\u0107:<\/h5>\n<p>Dane osoby zg\u0142aszaj\u0105cej;<\/p>\n<p>Preferowan\u0105 form\u0119 i spos\u00f3b kontaktu;<\/p>\n<p>Form\u0119 informacji, o kt\u00f3r\u0105 wnioskuje.<\/p>\n<p>ZSHT powinien zrealizowa\u0107 wniosek \/ \u017c\u0105danie niezw\u0142ocznie, nie p\u00f3\u017aniej jednak, ni\u017c w ci\u0105gu 7 dni, pocz\u0105wszy od dnia z\u0142o\u017cenia wniosku \/ \u017c\u0105dania. Je\u017celi dotrzymanie tego terminu nie jest mo\u017cliwe, ZSHT niezw\u0142ocznie informuje o tym wnioskuj\u0105cego. Termin mo\u017ce by\u0107 wyd\u0142u\u017cony do 60 dni.<\/p>\n<p>Uprzejmie informujemy, \u017ce zgodnie z ustaw\u0105 z dnia 4 kwietnia 2019 r. o dost\u0119pno\u015bci cyfrowej stron internetowych i aplikacji mobilnych podmiot\u00f3w publicznych (Dz. U. z 2019r. poz. 848) ka\u017cdy podmiot ma prawo wyst\u0105pi\u0107 do podmiotu publicznego z \u017c\u0105daniem udost\u0119pnienia cyfrowego wskazanej strony internetowej lub jej element\u00f3w, ewentualnie zapewnienia dost\u0119pu alternatywnego, na warunkach okre\u015blonych w cytowanej wy\u017cej ustawie. W przypadku odmowy wnosz\u0105cy \u017c\u0105danie mo\u017cne z\u0142o\u017cy\u0107 skarg\u0119 z zastosowaniem przepis\u00f3w ustawy z dnia 14 czerwca 1960 r. Kodeks post\u0119powania administracyjnego, a tak\u017ce powiadomi\u0107 Rzecznika Praw Obywatelskich: <a href=\"https:\/\/www.rpo.gov.pl\">www.rpo.gov.pl<\/a><\/p>\n<h5>Dost\u0119pno\u015b\u0107 architektoniczna<\/h5>\n<p>Zesp\u00f3\u0142 Szk\u00f3\u0142 Hotelarsko Turystycznych im. W\u0142adys\u0142awa Zamoyskiego w Zakopanem<\/p>\n<p>Partyzant\u00f3w 1\/5<\/p>\n<p>34-500 Zakopane<\/p>\n<p><b>Opis dost\u0119pno\u015bci wej\u015bcia do budynku i przechodzenia przez obszary kontroli.<br \/>\n<\/b>Do budynku szko\u0142y prowadz\u0105 dwa wej\u015bcia:<\/p>\n<p>&#8211; od ul. Partyzant\u00f3w \u2013 g\u0142\u00f3wne wej\u015bcie do budynku szko\u0142y, z podjazdem dla os\u00f3b niepe\u0142nosprawnych,<\/p>\n<p>&#8211; od strony internatu szko\u0142y, wej\u015bcie bez barier architektonicznych.<\/p>\n<p><b>Opis\u00a0dost\u0119pno\u015bci\u00a0korytarzy,\u00a0schod\u00f3w\u00a0i\u00a0wind.<br \/>\n<\/b>Korytarze s\u0105 wolne od barier poziomych i pionowych, szko\u0142a zapewnia dost\u0119p do wszystkich pomieszcze\u0144 z wy\u0142\u0105czeniem pomieszcze\u0144 technicznych. W budynku zainstalowana jest winda, z dost\u0119pem dla os\u00f3b niepe\u0142nosprawnych, kt\u00f3ra wyje\u017cd\u017ca i zje\u017cd\u017ca na wszystkie poziomy (od poziomu -1 \u2013 podziemia, do poziomu 4 \u2013 czwarte pi\u0119tro). Na parterze znajduje si\u0119 sekretariat, dyrekcja, archiwum, sale gimnastyczne, aula, na poziomie 1 znajduje si\u0119 sekretariat m\u0142odzie\u017cowy, pok\u00f3j wicedyrektor\u00f3w, biblioteka. Na 4 pi\u0119trze znajduje si\u0119 gabinet pedagoga oraz pok\u00f3j nauczycielski. Na wszystkich poziomach, poza -1, znajduj\u0105 si\u0119 sale lekcyjne. Na poziomie -1 ulokowana jest szatnia dla uczni\u00f3w. Toaleta dla os\u00f3b niepe\u0142nosprawnych znajduje si\u0119 na 4 pi\u0119trze.<\/p>\n<p><b>Opis dostosowa\u0144, na przyk\u0142ad pochylni, platform, informacji g\u0142osowych, p\u0119tlach indukcyjnych.<br \/>\n<\/b>W szkole nie znajduj\u0105 si\u0119 pochylnie, platformy, szko\u0142a nie zapewnia wizualnych, dotykowych oraz g\u0142osowych informacji na temat rozk\u0142adu pomieszcze\u0144 w budynku, nie ma tak\u017ce p\u0119tli indukcyjnych.<\/p>\n<p><b>Informacje o miejscu i sposobie korzystania z miejsc parkingowych wyznaczonych dla os\u00f3b niepe\u0142nosprawnych.<br \/>\n<\/b>Przed g\u0142\u00f3wnym wej\u015bciem do budynku znajduje si\u0119 jedno wydzielone i oznakowane, zar\u00f3wno znakami poziomymi, jak i pionowymi, miejsce dla os\u00f3b niepe\u0142nosprawnych.<\/p>\n<p><b>Informacja o prawie wst\u0119pu z psem asystuj\u0105cym i ewentualnych uzasadnionych ograniczeniach.<br \/>\n<\/b>Do budynku i wszystkich jego pomieszcze\u0144 mo\u017cna wej\u015b\u0107 z psem asystuj\u0105cym i psem przewodnikiem.<\/p>\n<p><b>Informacje o mo\u017cliwo\u015bci skorzystania z t\u0142umacza j\u0119zyka migowego na miejscu lub online.<br \/>\n<\/b>Szko\u0142a nie umo\u017cliwia skorzystania z t\u0142umacza j\u0119zyka migowego na miejscu ani on-line.<\/p>\n","protected":false},"excerpt":{"rendered":"<p>Deklaracja dost\u0119pno\u015bci cyfrowej dla strony zsht.pl Wst\u0119p deklaracji Zesp\u00f3\u0142 Szk\u00f3\u0142 Hotelarsko Turystycznych im. W\u0142adys\u0142awa Zamoyskiego w Zakopanem zobowi\u0105zuje si\u0119 zapewni\u0107 dost\u0119pno\u015b\u0107 swojej strony zsht.pl zgodnie z przepisami ustawy z dnia 4 kwietnia 2019 r. o dost\u0119pno\u015bci cyfrowej stron internetowych i<\/p>\n","protected":false},"author":1,"featured_media":0,"parent":0,"menu_order":0,"comment_status":"closed","ping_status":"closed","template":"","meta":[],"_links":{"self":[{"href":"http:\/\/zsht.pl\/strona\/index.php\/wp-json\/wp\/v2\/pages\/5449"}],"collection":[{"href":"http:\/\/zsht.pl\/strona\/index.php\/wp-json\/wp\/v2\/pages"}],"about":[{"href":"http:\/\/zsht.pl\/strona\/index.php\/wp-json\/wp\/v2\/types\/page"}],"author":[{"embeddable":true,"href":"http:\/\/zsht.pl\/strona\/index.php\/wp-json\/wp\/v2\/users\/1"}],"replies":[{"embeddable":true,"href":"http:\/\/zsht.pl\/strona\/index.php\/wp-json\/wp\/v2\/comments?post=5449"}],"version-history":[{"count":20,"href":"http:\/\/zsht.pl\/strona\/index.php\/wp-json\/wp\/v2\/pages\/5449\/revisions"}],"predecessor-version":[{"id":15749,"href":"http:\/\/zsht.pl\/strona\/index.php\/wp-json\/wp\/v2\/pages\/5449\/revisions\/15749"}],"wp:attachment":[{"href":"http:\/\/zsht.pl\/strona\/index.php\/wp-json\/wp\/v2\/media?parent=5449"}],"curies":[{"name":"wp","href":"https:\/\/api.w.org\/{rel}","templated":true}]}}