{"id":740,"date":"2018-02-26T21:13:43","date_gmt":"2018-02-26T20:13:43","guid":{"rendered":"http:\/\/zsht.pl\/strona\/?page_id=740"},"modified":"2023-11-27T22:17:57","modified_gmt":"2023-11-27T21:17:57","slug":"wazne-telefony-i-adresy","status":"publish","type":"page","link":"http:\/\/zsht.pl\/strona\/index.php\/wazne-telefony-i-adresy\/","title":{"rendered":"Wa\u017cne telefony i adresy"},"content":{"rendered":"<p style=\"text-align: center;\"><a href=\"http:\/\/zsht.pl\/strona\/index.php\/godziny-pracy-pedagoga-szkolnego\/\"><button>Godziny pracy pedagog\u00f3w<\/button><\/a> <a href=\"http:\/\/zsht.pl\/strona\/index.php\/wazne-telefony-i-adresy\/\"><button>Wa\u017cne telefony i adresy<\/button><\/a><\/p>\n<p><strong><a href=\"http:\/\/www.interwencjakryzysowa.pl\/osrodki-interwencji-kryzysowej\/04208208\">Tatrza\u0144ski O\u015brodek Interwencji Kryzysowej<\/a> <\/strong><\/p>\n<p><a href=\"http:\/\/www.pcpr-zakopane.pl\/\"><strong>Powiatowe Centrum Pomocy Rodzinie <\/strong>w Zakopanem <\/a><strong><br \/>\n<\/strong><\/p>\n<p><a href=\"http:\/\/www.niebieskalinia.pl\/\"><strong>Og\u00f3lnopolskie Pogotowie dla Ofiar Przemocy w Rodzinie &#8222;Niebieska linia&#8221;<\/strong><\/a><\/p>\n<p><a href=\"http:\/\/aids.gov.pl\/\"><strong>Krajowe Centrum ds AIDS <\/strong><\/a><\/p>\n<p><a href=\"http:\/\/www.wiosna.org.pl\/\"><strong>Stowarzyszenie WIOSNA <\/strong><\/a><\/p>\n<p><a href=\"http:\/\/www.wybierzzycie.pl\/\"><strong>Wybierz \u017cycie\u00a0<\/strong><\/a><\/p>\n<p><a href=\"http:\/\/www.mojestypendium.pl\"><strong>Moje stypendium <\/strong><\/a><\/p>\n<p><strong>Telefon zaufania <\/strong><a href=\"http:\/\/www.116111.pl\">www.116111.pl<\/a><\/p>\n<p><strong><a href=\"http:\/\/tumbopomaga.pl\/\">Pomoc dzieciom i m\u0142odzie\u017cy w \u017ca\u0142obie<\/a> <\/strong><\/p>\n<p><strong><a href=\"http:\/\/www.kcik.pl\/\">Krajowe Centrum Interwencyjne &#8211; konsultacje dla ofiar handlu lud\u017ami (KCIK)&#8221;<\/a> <\/strong><\/p>\n<p><strong><a href=\"https:\/\/kbpn.gov.pl\/portal\">Krajowe Biuro Do Spraw Przeciwdzia\u0142ania Narkomanii<\/a><\/strong><\/p>\n<p><a href=\"https:\/\/bezpiecznaszkola.men.gov.pl\/bezpieczna-szkola-zagrozenia-i-zalecane-dzialania-profilaktyczne-w-zakresie-bezpieczenstwa-fizycznego-i-cyfrowego-uczniow\/\"><strong>Bezpieczna Szko\u0142a<\/strong><\/a><\/p>\n","protected":false},"excerpt":{"rendered":"<p>Godziny pracy pedagog\u00f3w Wa\u017cne telefony i adresy Tatrza\u0144ski O\u015brodek Interwencji Kryzysowej Powiatowe Centrum Pomocy Rodzinie w Zakopanem Og\u00f3lnopolskie Pogotowie dla Ofiar Przemocy w Rodzinie &#8222;Niebieska linia&#8221; Krajowe Centrum ds AIDS Stowarzyszenie WIOSNA Wybierz \u017cycie\u00a0 Moje stypendium Telefon zaufania www.116111.pl Pomoc<\/p>\n","protected":false},"author":1,"featured_media":0,"parent":0,"menu_order":0,"comment_status":"closed","ping_status":"closed","template":"uczen.php","meta":[],"_links":{"self":[{"href":"http:\/\/zsht.pl\/strona\/index.php\/wp-json\/wp\/v2\/pages\/740"}],"collection":[{"href":"http:\/\/zsht.pl\/strona\/index.php\/wp-json\/wp\/v2\/pages"}],"about":[{"href":"http:\/\/zsht.pl\/strona\/index.php\/wp-json\/wp\/v2\/types\/page"}],"author":[{"embeddable":true,"href":"http:\/\/zsht.pl\/strona\/index.php\/wp-json\/wp\/v2\/users\/1"}],"replies":[{"embeddable":true,"href":"http:\/\/zsht.pl\/strona\/index.php\/wp-json\/wp\/v2\/comments?post=740"}],"version-history":[{"count":14,"href":"http:\/\/zsht.pl\/strona\/index.php\/wp-json\/wp\/v2\/pages\/740\/revisions"}],"predecessor-version":[{"id":11882,"href":"http:\/\/zsht.pl\/strona\/index.php\/wp-json\/wp\/v2\/pages\/740\/revisions\/11882"}],"wp:attachment":[{"href":"http:\/\/zsht.pl\/strona\/index.php\/wp-json\/wp\/v2\/media?parent=740"}],"curies":[{"name":"wp","href":"https:\/\/api.w.org\/{rel}","templated":true}]}}