{"id":8220,"date":"2022-09-14T15:18:14","date_gmt":"2022-09-14T13:18:14","guid":{"rendered":"http:\/\/zsht.pl\/strona\/?page_id=8220"},"modified":"2023-04-19T08:16:32","modified_gmt":"2023-04-19T06:16:32","slug":"matura-2023-formula-2015","status":"publish","type":"page","link":"http:\/\/zsht.pl\/strona\/index.php\/matura-2023-formula-2015\/","title":{"rendered":"Matura 2023 &#8211; Formu\u0142a 2015"},"content":{"rendered":"<p>&nbsp;<\/p>\n<p style=\"text-align: center;\"><strong><span style=\"font-size: 18pt;\">Matura 2023 &#8211; Formu\u0142a 2015<\/span><\/strong><\/p>\n<p>&nbsp;<\/p>\n<p style=\"text-align: center; text-decoration: underline;\"><strong>Pliki do pobrania:<\/strong><\/p>\n<p>&nbsp;<\/p>\n<p style=\"text-align: center;\"><a href=\"http:\/\/zsht.pl\/strona\/wp-content\/uploads\/2022\/09\/MATURA-2023.ppt\">MATURA 2023 (prezentacja)<\/a><\/p>\n<p style=\"text-align: center;\"><a href=\"http:\/\/zsht.pl\/strona\/wp-content\/uploads\/2022\/09\/Instrukcja-e-deklaracja-ZIU.pdf\">Instrukcja e-deklaracja ZIU<\/a><\/p>\n<p style=\"text-align: center;\"><a href=\"http:\/\/zsht.pl\/strona\/wp-content\/uploads\/2022\/09\/komunikat o dostosowaniach.pdf\">komunikat o dostosowaniach<\/a><\/p>\n<p style=\"text-align: center;\"><a href=\"http:\/\/zsht.pl\/strona\/wp-content\/uploads\/2022\/09\/Komunikat-w-sprawie-Informatyki.pdf\">Komunikat w sprawie Informatyki<\/a><\/p>\n<p style=\"text-align: center;\"><a href=\"http:\/\/zsht.pl\/strona\/wp-content\/uploads\/2022\/09\/20220225-EM-w-latach-2023-i-2024-ZMIANY.pdf\">EM w latach 2023 i 2024 ZMIANY<\/a> (obowi\u0105zuje nas tylko Formu\u0142a 2015)<\/p>\n<p>&nbsp;<\/p>\n<p style=\"text-align: center;\"><a href=\"http:\/\/zsht.pl\/strona\/wp-content\/uploads\/2023\/04\/Informacja-dla-maturzystow-2023.ppt\">Informacja dla maturzyst\u00f3w 2023<\/a><\/p>\n<p>&nbsp;<\/p>\n<p style=\"text-align: center; text-decoration: underline;\"><strong>Harmonogram egzaminu maturalnego:<\/strong><\/p>\n<p style=\"text-align: center;\"><iframe id=\"s_pdf_frame\" src=\"\/\/docs.google.com\/gview?embedded=true&url=http:\/\/zsht.pl\/strona\/wp-content\/uploads\/2023\/04\/harmonogram-matura-23.pdf\" style=\"width: 800px; height:1050px;\" frameborder=\"0\"><\/iframe><\/p>\n<p>&nbsp;<\/p>\n","protected":false},"excerpt":{"rendered":"<p>&nbsp; Matura 2023 &#8211; Formu\u0142a 2015 &nbsp; Pliki do pobrania: &nbsp; MATURA 2023 (prezentacja) Instrukcja e-deklaracja ZIU komunikat o dostosowaniach Komunikat w sprawie Informatyki EM w latach 2023 i 2024 ZMIANY (obowi\u0105zuje nas tylko Formu\u0142a 2015) &nbsp; Informacja dla maturzyst\u00f3w<\/p>\n","protected":false},"author":3,"featured_media":0,"parent":0,"menu_order":0,"comment_status":"closed","ping_status":"closed","template":"","meta":[],"_links":{"self":[{"href":"http:\/\/zsht.pl\/strona\/index.php\/wp-json\/wp\/v2\/pages\/8220"}],"collection":[{"href":"http:\/\/zsht.pl\/strona\/index.php\/wp-json\/wp\/v2\/pages"}],"about":[{"href":"http:\/\/zsht.pl\/strona\/index.php\/wp-json\/wp\/v2\/types\/page"}],"author":[{"embeddable":true,"href":"http:\/\/zsht.pl\/strona\/index.php\/wp-json\/wp\/v2\/users\/3"}],"replies":[{"embeddable":true,"href":"http:\/\/zsht.pl\/strona\/index.php\/wp-json\/wp\/v2\/comments?post=8220"}],"version-history":[{"count":10,"href":"http:\/\/zsht.pl\/strona\/index.php\/wp-json\/wp\/v2\/pages\/8220\/revisions"}],"predecessor-version":[{"id":10175,"href":"http:\/\/zsht.pl\/strona\/index.php\/wp-json\/wp\/v2\/pages\/8220\/revisions\/10175"}],"wp:attachment":[{"href":"http:\/\/zsht.pl\/strona\/index.php\/wp-json\/wp\/v2\/media?parent=8220"}],"curies":[{"name":"wp","href":"https:\/\/api.w.org\/{rel}","templated":true}]}}