{"id":431,"date":"2016-03-04T23:43:40","date_gmt":"2016-03-04T23:43:40","guid":{"rendered":"http:\/\/zsht.pl\/su\/?page_id=431"},"modified":"2016-04-05T22:07:04","modified_gmt":"2016-04-05T21:07:04","slug":"historia","status":"publish","type":"page","link":"http:\/\/zsht.pl\/su\/historia\/","title":{"rendered":"Historia"},"content":{"rendered":"<h2 style=\"text-align: center;\">Sp\u00f3\u0142dzielnia Uczniowska <strong>&#8222;winien-ma&#8221;<\/strong> w latach 1989-2015<\/h2>\n<div class=\"entry-content\">\n<p>Opiekunowie sp\u00f3\u0142dzielni:<br \/>\nEwa Rado\u0144<br \/>\nMa\u0142gorzata Michalska<br \/>\nDanuta Larkowska<\/p>\n<p>Cz\u0142onkami Sp\u00f3\u0142dzielni Uczniowskiej byli uczniowie klas ekonomicznych i handlowych.<\/p>\n<p>Od 2008 roku wprowadzono obs\u0142ug\u0119 sprzeda\u017cy za pomoc\u0105 kasy fiskalnej.<br \/>\nW 2011 roku wprowadzili\u015bmy jeden z najnowocze\u015bniejszych system\u00f3w :<br \/>\nPC Market \u2013 komputerowy system zarz\u0105dzania sprzeda\u017c\u0105 i magazynem.<\/p>\n<p>W kawiarni zainstalowali\u015bmy system ca\u0142odobowego monitoringu.<\/p>\n<h3>Wi\u0119cej o dzia\u0142alno\u015bci naszej sp\u00f3\u0142dzielni:<\/h3>\n<ul>\n<li><a href=\"http:\/\/zsht.pl\/su\/?page_id=454\">Sukcesy<\/a><\/li>\n<li><a href=\"http:\/\/zsht.pl\/su\/?page_id=452\">Dzia\u0142alno\u015b\u0107 sp\u00f3\u0142dzielni<\/a><\/li>\n<li><a href=\"http:\/\/zsht.pl\/su\/?page_id=448\">Sponsoring<\/a><\/li>\n<\/ul>\n<p>&nbsp;<\/p>\n<\/div>\n","protected":false},"excerpt":{"rendered":"<p>Sp\u00f3\u0142dzielnia Uczniowska &#8222;winien-ma&#8221; w latach 1989-2015 Opiekunowie sp\u00f3\u0142dzielni: Ewa Rado\u0144 Ma\u0142gorzata Michalska Danuta Larkowska Cz\u0142onkami Sp\u00f3\u0142dzielni Uczniowskiej byli uczniowie klas ekonomicznych i handlowych. Od 2008 roku wprowadzono obs\u0142ug\u0119 sprzeda\u017cy za pomoc\u0105 kasy fiskalnej. W 2011 roku wprowadzili\u015bmy jeden &hellip; <\/p>\n<div class=\"more-link-wrapper\"><a href=\"http:\/\/zsht.pl\/su\/historia\/\" class=\"more-link\">Continue reading<span class=\"screen-reader-text\"> &#8222;Historia&#8221;<\/span><\/a><\/div>\n","protected":false},"author":1,"featured_media":0,"parent":0,"menu_order":7,"comment_status":"closed","ping_status":"closed","template":"","meta":[],"_links":{"self":[{"href":"http:\/\/zsht.pl\/su\/wp-json\/wp\/v2\/pages\/431"}],"collection":[{"href":"http:\/\/zsht.pl\/su\/wp-json\/wp\/v2\/pages"}],"about":[{"href":"http:\/\/zsht.pl\/su\/wp-json\/wp\/v2\/types\/page"}],"author":[{"embeddable":true,"href":"http:\/\/zsht.pl\/su\/wp-json\/wp\/v2\/users\/1"}],"replies":[{"embeddable":true,"href":"http:\/\/zsht.pl\/su\/wp-json\/wp\/v2\/comments?post=431"}],"version-history":[{"count":10,"href":"http:\/\/zsht.pl\/su\/wp-json\/wp\/v2\/pages\/431\/revisions"}],"predecessor-version":[{"id":518,"href":"http:\/\/zsht.pl\/su\/wp-json\/wp\/v2\/pages\/431\/revisions\/518"}],"wp:attachment":[{"href":"http:\/\/zsht.pl\/su\/wp-json\/wp\/v2\/media?parent=431"}],"curies":[{"name":"wp","href":"https:\/\/api.w.org\/{rel}","templated":true}]}}