{"id":448,"date":"2016-03-09T16:17:56","date_gmt":"2016-03-09T16:17:56","guid":{"rendered":"http:\/\/zsht.pl\/su\/?page_id=448"},"modified":"2016-03-09T16:19:27","modified_gmt":"2016-03-09T16:19:27","slug":"sponsoring-2","status":"publish","type":"page","link":"http:\/\/zsht.pl\/su\/sponsoring-2\/","title":{"rendered":"Historia: Sponsoring 1989-2015"},"content":{"rendered":"<p style=\"text-align: left;\"><strong>Wygospodarowany zysk przeznaczali\u015bmy na:<\/strong><\/p>\n<ul style=\"text-align: center;\">\n<li style=\"text-align: left;\">dofinansowanie dla cz\u0142onk\u00f3w sp\u00f3\u0142dzielni:<\/li>\n<li style=\"text-align: left;\">dofinansowanie wyjazd\u00f3w szkoleniowych i innych<\/li>\n<li style=\"text-align: left;\">nagrody za prowadzenie kawiarni<\/li>\n<li style=\"text-align: left;\">sfinansowanie wyposa\u017cenia szkolnego biura maklerskiego<\/li>\n<\/ul>\n<p style=\"text-align: center;\"><a href=\"http:\/\/zsht.pl\/su\/wp-content\/uploads\/2014\/02\/55.jpg\"><img loading=\"lazy\" class=\"alignnone size-medium wp-image-41\" src=\"http:\/\/zsht.pl\/su\/wp-content\/uploads\/2014\/02\/55-173x300.jpg\" alt=\"55\" width=\"173\" height=\"300\" srcset=\"http:\/\/zsht.pl\/su\/wp-content\/uploads\/2014\/02\/55-173x300.jpg 173w, http:\/\/zsht.pl\/su\/wp-content\/uploads\/2014\/02\/55.jpg 400w\" sizes=\"(max-width: 173px) 100vw, 173px\" \/><\/a> <a href=\"http:\/\/zsht.pl\/su\/wp-content\/uploads\/2014\/02\/36.jpg\"><img loading=\"lazy\" class=\"alignnone size-medium wp-image-42\" src=\"http:\/\/zsht.pl\/su\/wp-content\/uploads\/2014\/02\/36-300x189.jpg\" alt=\"36\" width=\"300\" height=\"189\" srcset=\"http:\/\/zsht.pl\/su\/wp-content\/uploads\/2014\/02\/36-300x189.jpg 300w, http:\/\/zsht.pl\/su\/wp-content\/uploads\/2014\/02\/36.jpg 400w\" sizes=\"(max-width: 300px) 100vw, 300px\" \/><\/a><\/p>\n<ul style=\"text-align: left;\">\n<li>doposa\u017canie pracowni ekonomicznych\n<ul>\n<li>zakup zestaw\u00f3w komputerowych\n<ul>\n<li style=\"text-align: left;\">1999 &#8211; 3 zestawy komputerowe<\/li>\n<li style=\"text-align: left;\">2000 &#8211; 8 zestaw\u00f3w komputerowych<\/li>\n<li style=\"text-align: left;\">2003 &#8211; 8 zestaw\u00f3w komputerowychm<\/li>\n<li style=\"text-align: left;\">2010\/11 &#8211; 4 rzutniki multimedialne<\/li>\n<\/ul>\n<\/li>\n<\/ul>\n<\/li>\n<\/ul>\n<p style=\"text-align: center;\"><a href=\"http:\/\/zsht.pl\/su\/wp-content\/uploads\/2014\/02\/3.jpg\"><img loading=\"lazy\" class=\"alignnone size-medium wp-image-43\" src=\"http:\/\/zsht.pl\/su\/wp-content\/uploads\/2014\/02\/3-197x300.jpg\" alt=\"3\" width=\"197\" height=\"300\" srcset=\"http:\/\/zsht.pl\/su\/wp-content\/uploads\/2014\/02\/3-197x300.jpg 197w, http:\/\/zsht.pl\/su\/wp-content\/uploads\/2014\/02\/3.jpg 400w\" sizes=\"(max-width: 197px) 100vw, 197px\" \/><\/a> <a href=\"http:\/\/zsht.pl\/su\/wp-content\/uploads\/2014\/02\/3b.jpg\"><img loading=\"lazy\" class=\"alignnone size-medium wp-image-44\" src=\"http:\/\/zsht.pl\/su\/wp-content\/uploads\/2014\/02\/3b-300x186.jpg\" alt=\"3b\" width=\"300\" height=\"186\" srcset=\"http:\/\/zsht.pl\/su\/wp-content\/uploads\/2014\/02\/3b-300x186.jpg 300w, http:\/\/zsht.pl\/su\/wp-content\/uploads\/2014\/02\/3b.jpg 400w\" sizes=\"(max-width: 300px) 100vw, 300px\" \/><\/a><\/p>\n<ul>\n<ul>\n<li>nagrody za konkursy (np. zimowe zawody prof. L.Fishera, konkurs ortograficzny, konkurs stroik\u00f3w \u015bwi\u0105tecznych)<\/li>\n<\/ul>\n<\/ul>\n<p style=\"text-align: center;\"><a href=\"http:\/\/zsht.pl\/su\/wp-content\/uploads\/2014\/02\/37m.jpg\"><img loading=\"lazy\" class=\"alignnone size-full wp-image-38\" src=\"http:\/\/zsht.pl\/su\/wp-content\/uploads\/2014\/02\/37m.jpg\" alt=\"37m\" width=\"100\" height=\"143\" \/><\/a> <a href=\"http:\/\/zsht.pl\/su\/wp-content\/uploads\/2014\/02\/11.jpg\"><img loading=\"lazy\" class=\"alignnone size-medium wp-image-45\" src=\"http:\/\/zsht.pl\/su\/wp-content\/uploads\/2014\/02\/11-300x195.jpg\" alt=\"11\" width=\"300\" height=\"195\" srcset=\"http:\/\/zsht.pl\/su\/wp-content\/uploads\/2014\/02\/11-300x195.jpg 300w, http:\/\/zsht.pl\/su\/wp-content\/uploads\/2014\/02\/11.jpg 400w\" sizes=\"(max-width: 300px) 100vw, 300px\" \/><\/a><\/p>\n<ul>\n<li>zakup ksi\u0105\u017cek , plansz oraz podr\u0119cznik\u00f3w do biblioteki szkolnej<\/li>\n<\/ul>\n<p style=\"text-align: center;\"><a href=\"http:\/\/zsht.pl\/su\/wp-content\/uploads\/2014\/02\/35.jpg\"><img loading=\"lazy\" class=\"alignnone size-medium wp-image-39\" src=\"http:\/\/zsht.pl\/su\/wp-content\/uploads\/2014\/02\/35-300x192.jpg\" alt=\"35\" width=\"300\" height=\"192\" srcset=\"http:\/\/zsht.pl\/su\/wp-content\/uploads\/2014\/02\/35-300x192.jpg 300w, http:\/\/zsht.pl\/su\/wp-content\/uploads\/2014\/02\/35.jpg 400w\" sizes=\"(max-width: 300px) 100vw, 300px\" \/><\/a><\/p>\n<ul>\n<li>zakup program\u00f3w finansowo-ksi\u0119gowych (Symfonia, CDN) oraz program\u00f3w obs\u0142uguj\u0105cych sprzeda\u017c (FAKT, FPP)<\/li>\n<li>zakup kasy fiskalnej, skanera, stoiska kasowego oraz programu FPP wsp\u00f3\u0142pracuj\u0105cego z kas\u0105 do pracowni ekonomiki<\/li>\n<\/ul>\n<p style=\"text-align: center;\"><a href=\"http:\/\/zsht.pl\/su\/wp-content\/uploads\/2014\/02\/38.jpg\"><img loading=\"lazy\" class=\"alignnone size-medium wp-image-48\" src=\"http:\/\/zsht.pl\/su\/wp-content\/uploads\/2014\/02\/38-204x300.jpg\" alt=\"38\" width=\"204\" height=\"300\" srcset=\"http:\/\/zsht.pl\/su\/wp-content\/uploads\/2014\/02\/38-204x300.jpg 204w, http:\/\/zsht.pl\/su\/wp-content\/uploads\/2014\/02\/38.jpg 400w\" sizes=\"(max-width: 204px) 100vw, 204px\" \/><\/a> <a href=\"http:\/\/zsht.pl\/su\/wp-content\/uploads\/2014\/02\/9.jpg\"><img loading=\"lazy\" class=\"alignnone size-medium wp-image-49\" src=\"http:\/\/zsht.pl\/su\/wp-content\/uploads\/2014\/02\/9-300x198.jpg\" alt=\"9\" width=\"300\" height=\"198\" srcset=\"http:\/\/zsht.pl\/su\/wp-content\/uploads\/2014\/02\/9-300x198.jpg 300w, http:\/\/zsht.pl\/su\/wp-content\/uploads\/2014\/02\/9.jpg 400w\" sizes=\"(max-width: 300px) 100vw, 300px\" \/><\/a><\/p>\n<ul>\n<li>Dofinansowanie do wycieczki szkolnej klasy 3E<\/li>\n<\/ul>\n<p>Pomoc biednym i potrzebuj\u0105cym:<\/p>\n<ul>\n<li>pomoc dla dzieci z upo\u015bledzeniem umys\u0142owym<\/li>\n<\/ul>\n<p style=\"text-align: center;\"><a href=\"http:\/\/zsht.pl\/su\/wp-content\/uploads\/2014\/02\/62.jpg\"><img loading=\"lazy\" class=\"alignnone size-medium wp-image-50\" src=\"http:\/\/zsht.pl\/su\/wp-content\/uploads\/2014\/02\/62-183x300.jpg\" alt=\"62\" width=\"183\" height=\"300\" srcset=\"http:\/\/zsht.pl\/su\/wp-content\/uploads\/2014\/02\/62-183x300.jpg 183w, http:\/\/zsht.pl\/su\/wp-content\/uploads\/2014\/02\/62.jpg 400w\" sizes=\"(max-width: 183px) 100vw, 183px\" \/><\/a> <a href=\"http:\/\/zsht.pl\/su\/wp-content\/uploads\/2014\/02\/61.jpg\"><img loading=\"lazy\" class=\"alignnone size-medium wp-image-51\" src=\"http:\/\/zsht.pl\/su\/wp-content\/uploads\/2014\/02\/61-300x189.jpg\" alt=\"61\" width=\"300\" height=\"189\" srcset=\"http:\/\/zsht.pl\/su\/wp-content\/uploads\/2014\/02\/61-300x189.jpg 300w, http:\/\/zsht.pl\/su\/wp-content\/uploads\/2014\/02\/61.jpg 400w\" sizes=\"(max-width: 300px) 100vw, 300px\" \/><\/a><\/p>\n<ul>\n<li>zbieranie pieni\u0119dzy na Wielk\u0105 Orkiestre \u015awi\u0105tecznej Pomocy<a style=\"line-height: 1.5;\" href=\"http:\/\/zsht.pl\/su\/wp-content\/uploads\/2014\/02\/30.jpg\"><br \/>\n<\/a><\/li>\n<\/ul>\n<p style=\"text-align: center;\"><a href=\"http:\/\/zsht.pl\/su\/wp-content\/uploads\/2014\/02\/60.jpg\"><img loading=\"lazy\" class=\"alignnone size-medium wp-image-53\" src=\"http:\/\/zsht.pl\/su\/wp-content\/uploads\/2014\/02\/60-300x191.jpg\" alt=\"60\" width=\"300\" height=\"191\" srcset=\"http:\/\/zsht.pl\/su\/wp-content\/uploads\/2014\/02\/60-300x191.jpg 300w, http:\/\/zsht.pl\/su\/wp-content\/uploads\/2014\/02\/60.jpg 400w\" sizes=\"(max-width: 300px) 100vw, 300px\" \/><\/a> <a href=\"http:\/\/zsht.pl\/su\/wp-content\/uploads\/2014\/02\/30.jpg\"><img loading=\"lazy\" class=\"alignnone size-medium wp-image-52\" src=\"http:\/\/zsht.pl\/su\/wp-content\/uploads\/2014\/02\/30-300x201.jpg\" alt=\"30\" width=\"300\" height=\"201\" srcset=\"http:\/\/zsht.pl\/su\/wp-content\/uploads\/2014\/02\/30-300x201.jpg 300w, http:\/\/zsht.pl\/su\/wp-content\/uploads\/2014\/02\/30.jpg 400w\" sizes=\"(max-width: 300px) 100vw, 300px\" \/><\/a><\/p>\n<ul>\n<li style=\"text-align: left;\">ksi\u0105\u017cki dla szko\u0142y polskiej w Stryczu w Mo\u0142dawi oraz dofinansowanie wycieczki do Niedzicy<\/li>\n<\/ul>\n<p style=\"text-align: center;\"><a href=\"http:\/\/zsht.pl\/su\/wp-content\/uploads\/2014\/02\/31.jpg\"><img loading=\"lazy\" class=\"alignnone size-medium wp-image-54\" src=\"http:\/\/zsht.pl\/su\/wp-content\/uploads\/2014\/02\/31-300x176.jpg\" alt=\"31\" width=\"300\" height=\"176\" srcset=\"http:\/\/zsht.pl\/su\/wp-content\/uploads\/2014\/02\/31-300x176.jpg 300w, http:\/\/zsht.pl\/su\/wp-content\/uploads\/2014\/02\/31.jpg 400w\" sizes=\"(max-width: 300px) 100vw, 300px\" \/><\/a><\/p>\n<ul>\n<li style=\"text-align: left;\">pomoc dla misji w Kongu i Tanzanii<\/li>\n<\/ul>\n<p style=\"text-align: center;\"><a href=\"http:\/\/zsht.pl\/su\/wp-content\/uploads\/2014\/02\/32.jpg\"><img loading=\"lazy\" class=\"alignnone size-medium wp-image-55\" src=\"http:\/\/zsht.pl\/su\/wp-content\/uploads\/2014\/02\/32-197x300.jpg\" alt=\"32\" width=\"197\" height=\"300\" srcset=\"http:\/\/zsht.pl\/su\/wp-content\/uploads\/2014\/02\/32-197x300.jpg 197w, http:\/\/zsht.pl\/su\/wp-content\/uploads\/2014\/02\/32.jpg 400w\" sizes=\"(max-width: 197px) 100vw, 197px\" \/><\/a> <a href=\"http:\/\/zsht.pl\/su\/wp-content\/uploads\/2014\/02\/64.jpg\"><img loading=\"lazy\" class=\"alignnone size-medium wp-image-56\" src=\"http:\/\/zsht.pl\/su\/wp-content\/uploads\/2014\/02\/64-211x300.jpg\" alt=\"64\" width=\"211\" height=\"300\" srcset=\"http:\/\/zsht.pl\/su\/wp-content\/uploads\/2014\/02\/64-211x300.jpg 211w, http:\/\/zsht.pl\/su\/wp-content\/uploads\/2014\/02\/64.jpg 400w\" sizes=\"(max-width: 211px) 100vw, 211px\" \/><\/a><\/p>\n","protected":false},"excerpt":{"rendered":"<p>Wygospodarowany zysk przeznaczali\u015bmy na: dofinansowanie dla cz\u0142onk\u00f3w sp\u00f3\u0142dzielni: dofinansowanie wyjazd\u00f3w szkoleniowych i innych nagrody za prowadzenie kawiarni sfinansowanie wyposa\u017cenia szkolnego biura maklerskiego doposa\u017canie pracowni ekonomicznych zakup zestaw\u00f3w komputerowych 1999 &#8211; 3 zestawy komputerowe 2000 &#8211; 8 zestaw\u00f3w komputerowych &hellip; <\/p>\n<div class=\"more-link-wrapper\"><a href=\"http:\/\/zsht.pl\/su\/sponsoring-2\/\" class=\"more-link\">Continue reading<span class=\"screen-reader-text\"> &#8222;Historia: Sponsoring 1989-2015&#8221;<\/span><\/a><\/div>\n","protected":false},"author":1,"featured_media":0,"parent":0,"menu_order":0,"comment_status":"closed","ping_status":"closed","template":"","meta":[],"_links":{"self":[{"href":"http:\/\/zsht.pl\/su\/wp-json\/wp\/v2\/pages\/448"}],"collection":[{"href":"http:\/\/zsht.pl\/su\/wp-json\/wp\/v2\/pages"}],"about":[{"href":"http:\/\/zsht.pl\/su\/wp-json\/wp\/v2\/types\/page"}],"author":[{"embeddable":true,"href":"http:\/\/zsht.pl\/su\/wp-json\/wp\/v2\/users\/1"}],"replies":[{"embeddable":true,"href":"http:\/\/zsht.pl\/su\/wp-json\/wp\/v2\/comments?post=448"}],"version-history":[{"count":3,"href":"http:\/\/zsht.pl\/su\/wp-json\/wp\/v2\/pages\/448\/revisions"}],"predecessor-version":[{"id":451,"href":"http:\/\/zsht.pl\/su\/wp-json\/wp\/v2\/pages\/448\/revisions\/451"}],"wp:attachment":[{"href":"http:\/\/zsht.pl\/su\/wp-json\/wp\/v2\/media?parent=448"}],"curies":[{"name":"wp","href":"https:\/\/api.w.org\/{rel}","templated":true}]}}