{"id":452,"date":"2016-03-09T16:22:13","date_gmt":"2016-03-09T16:22:13","guid":{"rendered":"http:\/\/zsht.pl\/su\/?page_id=452"},"modified":"2016-03-09T16:22:13","modified_gmt":"2016-03-09T16:22:13","slug":"historia-dzialalnosc-1989-2015","status":"publish","type":"page","link":"http:\/\/zsht.pl\/su\/historia-dzialalnosc-1989-2015\/","title":{"rendered":"Historia: Dzia\u0142alno\u015b\u0107 1989-2015"},"content":{"rendered":"<p style=\"text-align: center;\"><strong>Sp\u00f3\u0142dzielnia uczniowska &#8222;Winien &#8211; Ma&#8221; w ZSHT zosta\u0142a za\u0142o\u017cona w 1989 r. Jej cz\u0142onkami byli uczniowie Liceum Ekonomicznego i Liceum Handlowego.\u00a0Winien &#8211; Ma to doskonale prosperuj\u0105ca firma. Dzia\u0142alno\u015b\u0107 gospodarcza sp\u00f3\u0142dzielni obejmowa\u0142a:<\/strong><\/p>\n<ul>\n<li>prowadzenie kawiarni szkolnej<\/li>\n<\/ul>\n<p style=\"text-align: center;\"><a href=\"http:\/\/zsht.pl\/su\/wp-content\/uploads\/2014\/02\/5.jpg\"><img loading=\"lazy\" class=\"alignnone size-medium wp-image-77\" src=\"http:\/\/zsht.pl\/su\/wp-content\/uploads\/2014\/02\/5-300x206.jpg\" alt=\"5\" width=\"300\" height=\"206\" srcset=\"http:\/\/zsht.pl\/su\/wp-content\/uploads\/2014\/02\/5-300x206.jpg 300w, http:\/\/zsht.pl\/su\/wp-content\/uploads\/2014\/02\/5.jpg 400w\" sizes=\"(max-width: 300px) 100vw, 300px\" \/><\/a><\/p>\n<ul>\n<li>Sprzeda\u017c napoi gor\u0105cych z automatu<\/li>\n<\/ul>\n<p style=\"text-align: center;\"><a href=\"http:\/\/zsht.pl\/su\/wp-content\/uploads\/2014\/02\/4.jpg\"><img loading=\"lazy\" class=\"alignnone size-medium wp-image-78\" src=\"http:\/\/zsht.pl\/su\/wp-content\/uploads\/2014\/02\/4-198x300.jpg\" alt=\"4\" width=\"198\" height=\"300\" srcset=\"http:\/\/zsht.pl\/su\/wp-content\/uploads\/2014\/02\/4-198x300.jpg 198w, http:\/\/zsht.pl\/su\/wp-content\/uploads\/2014\/02\/4.jpg 400w\" sizes=\"(max-width: 198px) 100vw, 198px\" \/><\/a><\/p>\n<ul>\n<li>Dzia\u0142alno\u015b\u0107 kateringowa<\/li>\n<\/ul>\n<p style=\"text-align: center;\"><a href=\"http:\/\/zsht.pl\/su\/wp-content\/uploads\/2014\/02\/1.jpg\"><img loading=\"lazy\" class=\"alignnone size-medium wp-image-79\" src=\"http:\/\/zsht.pl\/su\/wp-content\/uploads\/2014\/02\/1-204x300.jpg\" alt=\"1\" width=\"204\" height=\"300\" srcset=\"http:\/\/zsht.pl\/su\/wp-content\/uploads\/2014\/02\/1-204x300.jpg 204w, http:\/\/zsht.pl\/su\/wp-content\/uploads\/2014\/02\/1.jpg 400w\" sizes=\"(max-width: 204px) 100vw, 204px\" \/><\/a><\/p>\n<ul>\n<li>Sprzeda\u017c podr\u0119cznik\u00f3w<\/li>\n<\/ul>\n<p style=\"text-align: center;\"><a href=\"http:\/\/zsht.pl\/su\/wp-content\/uploads\/2014\/02\/1pod.jpg\"><img loading=\"lazy\" class=\"alignnone size-medium wp-image-80\" src=\"http:\/\/zsht.pl\/su\/wp-content\/uploads\/2014\/02\/1pod-199x300.jpg\" alt=\"1pod\" width=\"199\" height=\"300\" srcset=\"http:\/\/zsht.pl\/su\/wp-content\/uploads\/2014\/02\/1pod-199x300.jpg 199w, http:\/\/zsht.pl\/su\/wp-content\/uploads\/2014\/02\/1pod.jpg 476w\" sizes=\"(max-width: 199px) 100vw, 199px\" \/><\/a><\/p>\n<ul>\n<li>Wsp\u00f3\u0142praca ze sp\u00f3\u0142dzielni\u0105 doros\u0142ych &#8211; Sp\u00f3\u0142dzielnia Spo\u017cywc\u00f3w &#8222;Spo\u0142em&#8221; w Zakopanem<\/li>\n<\/ul>\n<p style=\"text-align: center;\"><a href=\"http:\/\/zsht.pl\/su\/wp-content\/uploads\/2014\/02\/50.jpg\"><img loading=\"lazy\" class=\"alignnone size-medium wp-image-81\" src=\"http:\/\/zsht.pl\/su\/wp-content\/uploads\/2014\/02\/50-300x207.jpg\" alt=\"50\" width=\"300\" height=\"207\" srcset=\"http:\/\/zsht.pl\/su\/wp-content\/uploads\/2014\/02\/50-300x207.jpg 300w, http:\/\/zsht.pl\/su\/wp-content\/uploads\/2014\/02\/50.jpg 400w\" sizes=\"(max-width: 300px) 100vw, 300px\" \/><\/a><\/p>\n<ul>\n<li>M\u0142odzie\u017c prowadzi pe\u0142n\u0105 ksi\u0119gowo\u015b\u0107, stosuj\u0105c zapis r\u0119czny w tzw. &#8222;amerykance&#8221; oraz program ksi\u0119gowy &#8222;Qwota&#8221;:<\/li>\n<\/ul>\n<p><strong>nasi byli ksi\u0119gowi:<\/strong><\/p>\n<p><center><div id='gallery-1' class='gallery galleryid-452 gallery-columns-4 gallery-size-thumbnail'><figure class='gallery-item'>\n\t\t\t<div class='gallery-icon landscape'>\n\t\t\t\t<a href='http:\/\/zsht.pl\/su\/nasza-dzialalnosc\/attachment\/99\/'><img width=\"150\" height=\"150\" src=\"http:\/\/zsht.pl\/su\/wp-content\/uploads\/2014\/02\/99-150x150.jpg\" class=\"attachment-thumbnail size-thumbnail\" alt=\"\" loading=\"lazy\" \/><\/a>\n\t\t\t<\/div><\/figure><figure class='gallery-item'>\n\t\t\t<div class='gallery-icon landscape'>\n\t\t\t\t<a href='http:\/\/zsht.pl\/su\/nasza-dzialalnosc\/attachment\/90\/'><img width=\"150\" height=\"150\" src=\"http:\/\/zsht.pl\/su\/wp-content\/uploads\/2014\/02\/90-150x150.jpg\" class=\"attachment-thumbnail size-thumbnail\" alt=\"\" loading=\"lazy\" \/><\/a>\n\t\t\t<\/div><\/figure><figure class='gallery-item'>\n\t\t\t<div class='gallery-icon landscape'>\n\t\t\t\t<a href='http:\/\/zsht.pl\/su\/nasza-dzialalnosc\/attachment\/98\/'><img width=\"150\" height=\"150\" src=\"http:\/\/zsht.pl\/su\/wp-content\/uploads\/2014\/02\/98-150x150.jpg\" class=\"attachment-thumbnail size-thumbnail\" alt=\"\" loading=\"lazy\" \/><\/a>\n\t\t\t<\/div><\/figure><figure class='gallery-item'>\n\t\t\t<div class='gallery-icon landscape'>\n\t\t\t\t<a href='http:\/\/zsht.pl\/su\/nasza-dzialalnosc\/attachment\/51\/'><img width=\"150\" height=\"150\" src=\"http:\/\/zsht.pl\/su\/wp-content\/uploads\/2014\/02\/51-150x150.jpg\" class=\"attachment-thumbnail size-thumbnail\" alt=\"\" loading=\"lazy\" \/><\/a>\n\t\t\t<\/div><\/figure><figure class='gallery-item'>\n\t\t\t<div class='gallery-icon landscape'>\n\t\t\t\t<a href='http:\/\/zsht.pl\/su\/nasza-dzialalnosc\/ksiegowi_2014-2\/'><img width=\"150\" height=\"150\" src=\"http:\/\/zsht.pl\/su\/wp-content\/uploads\/2014\/02\/ksiegowi_20141-150x150.jpg\" class=\"attachment-thumbnail size-thumbnail\" alt=\"\" loading=\"lazy\" \/><\/a>\n\t\t\t<\/div><\/figure>\n\t\t<\/div>\n<\/p>\n<p>&nbsp;<\/p>\n<p><\/center><\/p>\n","protected":false},"excerpt":{"rendered":"<p>Sp\u00f3\u0142dzielnia uczniowska &#8222;Winien &#8211; Ma&#8221; w ZSHT zosta\u0142a za\u0142o\u017cona w 1989 r. Jej cz\u0142onkami byli uczniowie Liceum Ekonomicznego i Liceum Handlowego.\u00a0Winien &#8211; Ma to doskonale prosperuj\u0105ca firma. Dzia\u0142alno\u015b\u0107 gospodarcza sp\u00f3\u0142dzielni obejmowa\u0142a: prowadzenie kawiarni szkolnej Sprzeda\u017c napoi gor\u0105cych z &hellip; <\/p>\n<div class=\"more-link-wrapper\"><a href=\"http:\/\/zsht.pl\/su\/historia-dzialalnosc-1989-2015\/\" class=\"more-link\">Continue reading<span class=\"screen-reader-text\"> &#8222;Historia: Dzia\u0142alno\u015b\u0107 1989-2015&#8221;<\/span><\/a><\/div>\n","protected":false},"author":1,"featured_media":0,"parent":0,"menu_order":0,"comment_status":"closed","ping_status":"closed","template":"","meta":[],"_links":{"self":[{"href":"http:\/\/zsht.pl\/su\/wp-json\/wp\/v2\/pages\/452"}],"collection":[{"href":"http:\/\/zsht.pl\/su\/wp-json\/wp\/v2\/pages"}],"about":[{"href":"http:\/\/zsht.pl\/su\/wp-json\/wp\/v2\/types\/page"}],"author":[{"embeddable":true,"href":"http:\/\/zsht.pl\/su\/wp-json\/wp\/v2\/users\/1"}],"replies":[{"embeddable":true,"href":"http:\/\/zsht.pl\/su\/wp-json\/wp\/v2\/comments?post=452"}],"version-history":[{"count":1,"href":"http:\/\/zsht.pl\/su\/wp-json\/wp\/v2\/pages\/452\/revisions"}],"predecessor-version":[{"id":453,"href":"http:\/\/zsht.pl\/su\/wp-json\/wp\/v2\/pages\/452\/revisions\/453"}],"wp:attachment":[{"href":"http:\/\/zsht.pl\/su\/wp-json\/wp\/v2\/media?parent=452"}],"curies":[{"name":"wp","href":"https:\/\/api.w.org\/{rel}","templated":true}]}}