{"id":454,"date":"2016-03-09T16:23:16","date_gmt":"2016-03-09T16:23:16","guid":{"rendered":"http:\/\/zsht.pl\/su\/?page_id=454"},"modified":"2016-03-09T16:23:16","modified_gmt":"2016-03-09T16:23:16","slug":"historia-sukcesy-1989-2015","status":"publish","type":"page","link":"http:\/\/zsht.pl\/su\/historia-sukcesy-1989-2015\/","title":{"rendered":"Historia: Sukcesy 1989-2015"},"content":{"rendered":"<p style=\"text-align: center;\"><strong>Od 1998 bierzemy udzia\u0142 w og\u00f3lnopolskim konkursie na najlepiej pracuj\u0105c\u0105<\/strong><br \/>\n<strong> Sp\u00f3\u0142dzielnie Uczniowsk\u0105 organizowanym przez Fundacj\u0119 Rozwoju Sp\u00f3\u0142dzielczo\u015bci Uczniowskiej, od tego roku\u00a0osi\u0105gamy sukcesy<\/strong><\/p>\n<p style=\"text-align: center;\"><a href=\"http:\/\/zsht.pl\/su\/wp-content\/uploads\/2014\/02\/12.jpg\"><img loading=\"lazy\" class=\"alignnone size-medium wp-image-61\" src=\"http:\/\/zsht.pl\/su\/wp-content\/uploads\/2014\/02\/12-300x195.jpg\" alt=\"12\" width=\"300\" height=\"195\" srcset=\"http:\/\/zsht.pl\/su\/wp-content\/uploads\/2014\/02\/12-300x195.jpg 300w, http:\/\/zsht.pl\/su\/wp-content\/uploads\/2014\/02\/12.jpg 400w\" sizes=\"(max-width: 300px) 100vw, 300px\" \/><\/a><\/p>\n<ul>\n<li><span style=\"text-align: center;\">1998 &#8211; III miejsce<\/span><\/li>\n<li>1998 &#8211; III miejsce<\/li>\n<li>1998 &#8211; III miejsce<\/li>\n<li>1999 &#8211; III miejsce<\/li>\n<li>2000 &#8211; I miejsce i Puchar MEN<\/li>\n<\/ul>\n<p><a href=\"http:\/\/zsht.pl\/su\/wp-content\/uploads\/2014\/02\/8.jpg\"><img loading=\"lazy\" class=\"alignnone size-medium wp-image-62\" src=\"http:\/\/zsht.pl\/su\/wp-content\/uploads\/2014\/02\/8-300x198.jpg\" alt=\"8\" width=\"300\" height=\"198\" srcset=\"http:\/\/zsht.pl\/su\/wp-content\/uploads\/2014\/02\/8-300x198.jpg 300w, http:\/\/zsht.pl\/su\/wp-content\/uploads\/2014\/02\/8.jpg 400w\" sizes=\"(max-width: 300px) 100vw, 300px\" \/><\/a> <a href=\"http:\/\/zsht.pl\/su\/wp-content\/uploads\/2014\/02\/7.jpg\"><img loading=\"lazy\" class=\"alignnone size-medium wp-image-63\" src=\"http:\/\/zsht.pl\/su\/wp-content\/uploads\/2014\/02\/7-212x300.jpg\" alt=\"7\" width=\"212\" height=\"300\" srcset=\"http:\/\/zsht.pl\/su\/wp-content\/uploads\/2014\/02\/7-212x300.jpg 212w, http:\/\/zsht.pl\/su\/wp-content\/uploads\/2014\/02\/7.jpg 400w\" sizes=\"(max-width: 212px) 100vw, 212px\" \/><\/a> <a href=\"http:\/\/zsht.pl\/su\/wp-content\/uploads\/2014\/02\/11.jpg\"><img loading=\"lazy\" class=\"alignnone size-medium wp-image-45\" src=\"http:\/\/zsht.pl\/su\/wp-content\/uploads\/2014\/02\/11-300x195.jpg\" alt=\"11\" width=\"300\" height=\"195\" srcset=\"http:\/\/zsht.pl\/su\/wp-content\/uploads\/2014\/02\/11-300x195.jpg 300w, http:\/\/zsht.pl\/su\/wp-content\/uploads\/2014\/02\/11.jpg 400w\" sizes=\"(max-width: 300px) 100vw, 300px\" \/><\/a><\/p>\n<ul>\n<li>2001 &#8211; II miejsce<\/li>\n<li>2002 &#8211; II miejsce<\/li>\n<\/ul>\n<p style=\"text-align: center;\"><a href=\"http:\/\/zsht.pl\/su\/wp-content\/uploads\/2014\/02\/10.jpg\"><img loading=\"lazy\" class=\"alignnone size-medium wp-image-66\" src=\"http:\/\/zsht.pl\/su\/wp-content\/uploads\/2014\/02\/10-300x145.jpg\" alt=\"10\" width=\"300\" height=\"145\" srcset=\"http:\/\/zsht.pl\/su\/wp-content\/uploads\/2014\/02\/10-300x145.jpg 300w, http:\/\/zsht.pl\/su\/wp-content\/uploads\/2014\/02\/10.jpg 400w\" sizes=\"(max-width: 300px) 100vw, 300px\" \/><\/a> <a href=\"http:\/\/zsht.pl\/su\/wp-content\/uploads\/2014\/02\/91.jpg\"><img loading=\"lazy\" class=\"alignnone size-medium wp-image-67\" src=\"http:\/\/zsht.pl\/su\/wp-content\/uploads\/2014\/02\/91-300x198.jpg\" alt=\"9\" width=\"300\" height=\"198\" srcset=\"http:\/\/zsht.pl\/su\/wp-content\/uploads\/2014\/02\/91-300x198.jpg 300w, http:\/\/zsht.pl\/su\/wp-content\/uploads\/2014\/02\/91.jpg 400w\" sizes=\"(max-width: 300px) 100vw, 300px\" \/><\/a><\/p>\n<p style=\"text-align: center;\"><strong>Poza sukcesami w tym konkursie:<\/strong><\/p>\n<ul>\n<li>W 2000 r. &#8211; otrzymali\u015bmy odznak\u0119 za zas\u0142ugi dla sp\u00f3\u0142dzielczo\u015bci<\/li>\n<\/ul>\n<p style=\"text-align: center;\"><a href=\"http:\/\/zsht.pl\/su\/wp-content\/uploads\/2014\/02\/13.jpg\"><img loading=\"lazy\" class=\"alignnone size-medium wp-image-68\" src=\"http:\/\/zsht.pl\/su\/wp-content\/uploads\/2014\/02\/13-300x296.jpg\" alt=\"13\" width=\"300\" height=\"296\" srcset=\"http:\/\/zsht.pl\/su\/wp-content\/uploads\/2014\/02\/13-300x296.jpg 300w, http:\/\/zsht.pl\/su\/wp-content\/uploads\/2014\/02\/13.jpg 400w\" sizes=\"(max-width: 300px) 100vw, 300px\" \/><\/a><\/p>\n<ul>\n<li>W 2001 r. &#8211; zdobylismy I miejsce w Konkursie &#8222;Zawsze Razem&#8221; organizowany przez Krajowy Zwi\u00b1zek Rewizyjny Sp\u00f3\u0142dzielni Spo\u017cywc\u00f3w &#8222;Spo\u0142em&#8221; w Warszawie<\/li>\n<\/ul>\n<p style=\"text-align: center;\"><a href=\"http:\/\/zsht.pl\/su\/wp-content\/uploads\/2014\/02\/16.jpg\"><img loading=\"lazy\" class=\"alignnone size-medium wp-image-69\" src=\"http:\/\/zsht.pl\/su\/wp-content\/uploads\/2014\/02\/16-300x204.jpg\" alt=\"16\" width=\"300\" height=\"204\" srcset=\"http:\/\/zsht.pl\/su\/wp-content\/uploads\/2014\/02\/16-300x204.jpg 300w, http:\/\/zsht.pl\/su\/wp-content\/uploads\/2014\/02\/16.jpg 400w\" sizes=\"(max-width: 300px) 100vw, 300px\" \/><\/a> <a href=\"http:\/\/zsht.pl\/su\/wp-content\/uploads\/2014\/02\/15.jpg\"><img loading=\"lazy\" class=\"alignnone size-medium wp-image-70\" src=\"http:\/\/zsht.pl\/su\/wp-content\/uploads\/2014\/02\/15-195x300.jpg\" alt=\"15\" width=\"195\" height=\"300\" srcset=\"http:\/\/zsht.pl\/su\/wp-content\/uploads\/2014\/02\/15-195x300.jpg 195w, http:\/\/zsht.pl\/su\/wp-content\/uploads\/2014\/02\/15.jpg 400w\" sizes=\"(max-width: 195px) 100vw, 195px\" \/><\/a><\/p>\n<p style=\"text-align: center;\">Sp\u00f3\u0142dzielnia Uczniowska \u201eWinien\u00a0 &#8211; Ma\u201d w Zespole Szk\u00f3\u0142 Hotelarsko Turystycznych \u2013 kolejny sukces .<\/p>\n<p>W dniach od 30 maja do 01 czerwca 2014 roku przedstawicielki naszej Sp\u00f3\u0142dzielni Zofia Chor\u0105\u017cewska\u00a0 i Beata Cudzich z klasy 2TE uczestniczy\u0142y w II Kongresie Sp\u00f3\u0142dzielczo\u015bci Uczniowskiej . Kongres odbywa\u0142 si\u0119 w Warszawie i dotyczy\u0142\u00a0 wsp\u00f3lnych dzia\u0142a\u0144 w zakresie rozwoju i umacniania pozycji sp\u00f3\u0142dzielni uczniowskich w \u015brodowisku szkolnym i lokalnym.<\/p>\n<p>W trakcie Kongresu wr\u0119czono medale Komisji Edukacji Narodowej. Medal otrzyma\u0142a opiekunka sp\u00f3\u0142dzielni Pani Ewa Rado\u0144. Autorkami tego sukcesu s\u0105 r\u00f3wnie\u017c Pani Danuta Larkowska i Ma\u0142gorzata Michalska. A to wszystko zacz\u0119\u0142o si\u0119 od Pani Stanis\u0142awy Dvo\u0159\u00e1k ze Spo\u0142em Zakopane, kt\u00f3ra idee sp\u00f3\u0142dzielczo\u015bci przenios\u0142a na zakopia\u0144ski rynek i potrafi\u0142a zarazi\u0107 tym dzia\u0142aniem m\u0142odzie\u017c.<\/p>\n<p class=\"wpview-selection-before\">\n<p class=\"wpview-selection-after\">\n<p style=\"text-align: right;\">Sp\u00f3\u0142dzielcy z \u201eWinien \u2013 Ma\u201d.<\/p>\n<p>&nbsp;<\/p>\n","protected":false},"excerpt":{"rendered":"<p>Od 1998 bierzemy udzia\u0142 w og\u00f3lnopolskim konkursie na najlepiej pracuj\u0105c\u0105 Sp\u00f3\u0142dzielnie Uczniowsk\u0105 organizowanym przez Fundacj\u0119 Rozwoju Sp\u00f3\u0142dzielczo\u015bci Uczniowskiej, od tego roku\u00a0osi\u0105gamy sukcesy 1998 &#8211; III miejsce 1998 &#8211; III miejsce 1998 &#8211; III miejsce 1999 &#8211; III miejsce &hellip; <\/p>\n<div class=\"more-link-wrapper\"><a href=\"http:\/\/zsht.pl\/su\/historia-sukcesy-1989-2015\/\" class=\"more-link\">Continue reading<span class=\"screen-reader-text\"> &#8222;Historia: Sukcesy 1989-2015&#8221;<\/span><\/a><\/div>\n","protected":false},"author":1,"featured_media":0,"parent":0,"menu_order":0,"comment_status":"closed","ping_status":"closed","template":"","meta":[],"_links":{"self":[{"href":"http:\/\/zsht.pl\/su\/wp-json\/wp\/v2\/pages\/454"}],"collection":[{"href":"http:\/\/zsht.pl\/su\/wp-json\/wp\/v2\/pages"}],"about":[{"href":"http:\/\/zsht.pl\/su\/wp-json\/wp\/v2\/types\/page"}],"author":[{"embeddable":true,"href":"http:\/\/zsht.pl\/su\/wp-json\/wp\/v2\/users\/1"}],"replies":[{"embeddable":true,"href":"http:\/\/zsht.pl\/su\/wp-json\/wp\/v2\/comments?post=454"}],"version-history":[{"count":1,"href":"http:\/\/zsht.pl\/su\/wp-json\/wp\/v2\/pages\/454\/revisions"}],"predecessor-version":[{"id":455,"href":"http:\/\/zsht.pl\/su\/wp-json\/wp\/v2\/pages\/454\/revisions\/455"}],"wp:attachment":[{"href":"http:\/\/zsht.pl\/su\/wp-json\/wp\/v2\/media?parent=454"}],"curies":[{"name":"wp","href":"https:\/\/api.w.org\/{rel}","templated":true}]}}