{"id":473,"date":"2016-03-15T15:55:57","date_gmt":"2016-03-15T15:55:57","guid":{"rendered":"http:\/\/zsht.pl\/su\/?page_id=473"},"modified":"2022-04-26T17:25:43","modified_gmt":"2022-04-26T16:25:43","slug":"473-2","status":"publish","type":"page","link":"http:\/\/zsht.pl\/su\/","title":{"rendered":""},"content":{"rendered":"<h1 style=\"text-align: center;\">Sp\u00f3\u0142dzielnia uczniowska <strong>&#8222;WINIEN-MA&#8221;<\/strong><\/h1>\n<p><img loading=\"lazy\" class=\"alignleft wp-image-596 size-medium\" src=\"http:\/\/zsht.pl\/su\/wp-content\/uploads\/2016\/03\/Logo-Winien-Ma-300x165.png\" alt=\"Logo Winien-Ma\" width=\"300\" height=\"165\" srcset=\"http:\/\/zsht.pl\/su\/wp-content\/uploads\/2016\/03\/Logo-Winien-Ma-300x165.png 300w, http:\/\/zsht.pl\/su\/wp-content\/uploads\/2016\/03\/Logo-Winien-Ma-768x422.png 768w, http:\/\/zsht.pl\/su\/wp-content\/uploads\/2016\/03\/Logo-Winien-Ma-1024x563.png 1024w, http:\/\/zsht.pl\/su\/wp-content\/uploads\/2016\/03\/Logo-Winien-Ma.png 1272w\" sizes=\"(max-width: 300px) 100vw, 300px\" \/><\/p>\n<p style=\"text-align: justify;\">W obecnym kszta\u0142cie nasza sp\u00f3\u0142dzielnia &#8222;Winien-Ma&#8221; dzia\u0142a od 1989 roku w Zespole Szk\u00f3\u0142 Hotelarsko Turystycznych w Zakopanem. Jej cz\u0142onkami s\u0105 uczniowie klas naszej szko\u0142y, g\u0142\u00f3wnie ekonomicznych.\u00a0 Jeste\u015bmy czynnie zaanga\u017cowani w \u017cycie naszej szko\u0142y, sponsorujemy nagrody za niekt\u00f3re szkolne konkursy, dofinansowujemy wyjazdy szkoleniowe i edukacyjne. Na pocz\u0105tek ka\u017cdego roku szkolnego organizujemy sprzeda\u017c podr\u0119cznik\u00f3w dla uczni\u00f3w.<\/p>\n<figure id=\"attachment_571\" aria-describedby=\"caption-attachment-571\" style=\"width: 300px\" class=\"wp-caption alignright\"><img loading=\"lazy\" class=\"wp-image-571 size-medium\" title=\"Nasza kawiarnia\" src=\"http:\/\/zsht.pl\/su\/wp-content\/uploads\/2016\/03\/DSC_0149-300x200.jpg\" alt=\"Kawiarnia\" width=\"300\" height=\"200\" srcset=\"http:\/\/zsht.pl\/su\/wp-content\/uploads\/2016\/03\/DSC_0149-300x200.jpg 300w, http:\/\/zsht.pl\/su\/wp-content\/uploads\/2016\/03\/DSC_0149-768x512.jpg 768w, http:\/\/zsht.pl\/su\/wp-content\/uploads\/2016\/03\/DSC_0149-1024x683.jpg 1024w\" sizes=\"(max-width: 300px) 100vw, 300px\" \/><figcaption id=\"caption-attachment-571\" class=\"wp-caption-text\">Za czym kolejka ta stoi?<\/figcaption><\/figure>\n<p style=\"text-align: justify;\">Opiekunami naszej sp\u00f3\u0142dzielni s\u0105: Ewa Rado\u0144, Ma\u0142gorzata Michalska i Danuta Larkowska. Nasza dzia\u0142alno\u015b\u0107 obejmuje r\u00f3wnie\u017c prowadzenie kawiarni znajduj\u0105cej si\u0119 w budynku naszej szko\u0142y. Nasi sp\u00f3\u0142dzielcy dbaj\u0105 a uczniowie ch\u0119tnie odwiedzaj\u0105 j\u0105 na ka\u017cdej przerwie. Od 2008 roku sprzedajemy produkty za pomoc\u0105 kasy fiskalnej. W prowadzeniu dzia\u0142alno\u015bci pomaga nam PC Market &#8211; jeden z najnowocze\u015bniejszych system\u00f3w zarz\u0105dzania sprzeda\u017c\u0105 i magazynem. Nasi cz\u0142onkowie prowadz\u0105 tak\u017ce pe\u0142n\u0105 ksi\u0119gowo\u015b\u0107 naszej dzia\u0142alno\u015bci. W naszej kawiarni jest zainstalowany system ca\u0142odobowego monitoringu.<\/p>\n<p style=\"text-align: justify;\"><strong><em>&#8222;Sp\u00f3\u0142dzielnia jest biznesem, ale\u00a0 je\u015bli jest tylko biznesem, jest z\u0142ym interesem&#8221; &#8211; to s\u0142owa Charlsa Gide francuskiego ekonomisty na temat sp\u00f3\u0142dzielczo\u015bci. Sp\u00f3\u0142dzielnia jest oczywi\u015bcie przedsi\u0119biorstwem podlegaj\u0105cym, tak jak inne podmioty gospodarcze, prawom rynku, ale przedsi\u0119biorstwem specyficznym. Opr\u00f3cz cel\u00f3w ekonomicznych realizuje tak\u017ce cele spo\u0142eczne.<\/em><\/strong><\/p>\n<blockquote>\n<p style=\"text-align: center;\">\n<\/blockquote>\n<p style=\"text-align: center;\"><strong>&#8222;Winien-Ma&#8221;<\/strong> to doskonale prosperuj\u0105ca firma.<\/p>\n","protected":false},"excerpt":{"rendered":"<p>Sp\u00f3\u0142dzielnia uczniowska &#8222;WINIEN-MA&#8221; W obecnym kszta\u0142cie nasza sp\u00f3\u0142dzielnia &#8222;Winien-Ma&#8221; dzia\u0142a od 1989 roku w Zespole Szk\u00f3\u0142 Hotelarsko Turystycznych w Zakopanem. Jej cz\u0142onkami s\u0105 uczniowie klas naszej szko\u0142y, g\u0142\u00f3wnie ekonomicznych.\u00a0 Jeste\u015bmy czynnie zaanga\u017cowani w \u017cycie naszej szko\u0142y, sponsorujemy nagrody &hellip; <\/p>\n<div class=\"more-link-wrapper\"><a href=\"http:\/\/zsht.pl\/su\/\" class=\"more-link\">Continue reading<span class=\"screen-reader-text\"> &#8222;&#8221;<\/span><\/a><\/div>\n","protected":false},"author":1,"featured_media":0,"parent":0,"menu_order":0,"comment_status":"closed","ping_status":"closed","template":"","meta":[],"_links":{"self":[{"href":"http:\/\/zsht.pl\/su\/wp-json\/wp\/v2\/pages\/473"}],"collection":[{"href":"http:\/\/zsht.pl\/su\/wp-json\/wp\/v2\/pages"}],"about":[{"href":"http:\/\/zsht.pl\/su\/wp-json\/wp\/v2\/types\/page"}],"author":[{"embeddable":true,"href":"http:\/\/zsht.pl\/su\/wp-json\/wp\/v2\/users\/1"}],"replies":[{"embeddable":true,"href":"http:\/\/zsht.pl\/su\/wp-json\/wp\/v2\/comments?post=473"}],"version-history":[{"count":63,"href":"http:\/\/zsht.pl\/su\/wp-json\/wp\/v2\/pages\/473\/revisions"}],"predecessor-version":[{"id":981,"href":"http:\/\/zsht.pl\/su\/wp-json\/wp\/v2\/pages\/473\/revisions\/981"}],"wp:attachment":[{"href":"http:\/\/zsht.pl\/su\/wp-json\/wp\/v2\/media?parent=473"}],"curies":[{"name":"wp","href":"https:\/\/api.w.org\/{rel}","templated":true}]}}