{"id":238,"date":"2018-01-28T20:03:00","date_gmt":"2018-01-28T19:03:00","guid":{"rendered":"http:\/\/zsht.pl\/strona\/?page_id=238"},"modified":"2023-11-24T22:38:56","modified_gmt":"2023-11-24T21:38:56","slug":"historia-szkoly","status":"publish","type":"page","link":"https:\/\/zsht.pl\/strona\/index.php\/historia-szkoly\/","title":{"rendered":"Historia szko\u0142y"},"content":{"rendered":"<h2><strong>Historia szko\u0142y<\/strong><\/h2>\n<p>&nbsp;<\/p>\n<p>Poszukuj\u0105c tradycji historycznych naszej szko\u0142y dochodzimy do pocz\u0105tk\u00f3w dwudziestego wieku, kiedy to doktor medycyny W\u0142adys\u0142aw Florkiewicz przekaza\u0142 w testamencie sw\u00f3j maj\u0105tek przy ulicy Nowotarskiej na rzecz otwarcia szko\u0142y dla m\u0142odzie\u017cy m\u0119skiej.<\/p>\n<p>Trafiamy te\u017c do Ku\u017anic, gdzie z dochod\u00f3w Fundacji Zamoyskich utrzymywana by\u0142a \u017be\u0144ska Szko\u0142a Prac Domowych. W latach p\u00f3\u017aniejszych w budynkach przy ulicy Nowotarskiej zorganizowano Koedukacyjn\u0105 Szko\u0142\u0119 Handlow\u0105. Pierwszym dyrektorem tej szko\u0142y by\u0142 Artur Seelieb, a nast\u0119pnym Mieczys\u0142aw Szosland.<\/p>\n<p>Szko\u0142a ta zosta\u0142a p\u00f3\u017aniej przekszta\u0142cona na Prywatne Gimnazjum Kupieckie.<\/p>\n<p>W 1938 roku szko\u0142\u0119 rozbudowano \u2013 dobudowuj\u0105c trzeci budynek, co umo\u017cliwi\u0142o kszta\u0142cenie wi\u0119kszej liczby m\u0142odzie\u017cy.<\/p>\n<p>W okresie okupacji hitlerowskiej szko\u0142a funkcjonowa\u0142a w bardzo ograniczonym zakresie, jako dwuletnia Szko\u0142a Handlowa. Realizowano okrojony program nauczania, szczeg\u00f3lnie w zakresie przedmiot\u00f3w humanistycznych i matematyczno-przyrodniczych. Wynika\u0142o to z powszechnej tendencji w\u0142adz okupacyjnych, maj\u0105cej na celu pozbawienie polskiej m\u0142odzie\u017cy mo\u017cliwo\u015bci uzyskania lepszego wykszta\u0142cenia. Jak w wielu innych szko\u0142ach tak i w tej, m\u0142odzie\u017c i nauczyciele nie poddali si\u0119 tym ograniczeniom i zorganizowali tajne nauczanie, maj\u0105ce na celu uzupe\u0142nienie program\u00f3w nauczania i umo\u017cliwienie uczniom uzyskania matury.<\/p>\n<p>Po zako\u0144czeniu na tym terenie dzia\u0142a\u0144 wojennych, ju\u017c w lutym 1945 roku reaktywowano Miejskie Gimnazjum Kupieckie oraz dwuletnie Miejskie Koedukacyjne Liceum Handlowe.<\/p>\n<p>Po kolejnych zmianach nazw i organizacji szko\u0142y, od 1 wrze\u015bnia 1949 roku dzia\u0142a\u0142o Pa\u0144stwowe Gimnazjum i Liceum Administracyjno-Handlowe I i II stopnia. Szko\u0142a mia\u0142a nadal swoj\u0105 siedzib\u0119 w budynkach przy ulicy Nowotarskiej 45. Do 1950 roku dyrektorem szko\u0142y by\u0142 Mieczys\u0142aw Szosland.<\/p>\n<p>Mimo trudno\u015bci czasu powojennego szko\u0142a unowocze\u015bnia\u0142a swoje wyposa\u017cenie. Zorganizowano nowe pracownie przedmiotowe. Bardzo o\u017cywion\u0105 dzia\u0142alno\u015b\u0107 prowadzi\u0142o szkolne ko\u0142o teatralne.<\/p>\n<p>W roku szkolnym 1950\/51 dyrekcj\u0119 szko\u0142y obj\u0105\u0142 Julian Reimsch\u00fcssel. W roku szkolnym 1952\/53 rozpocz\u0119to kszta\u0142cenie gastronomiczne.<\/p>\n<p>Kultywowane by\u0142y tradycje \u017cycia kulturalnego szko\u0142y, szczeg\u00f3lnie w zakresie teatru. Dyrektor by\u0142 \u2013 z racji swoich artystycznych zainteresowa\u0144 \u2013 animatorem i dusz\u0105 tych dzia\u0142a\u0144.<\/p>\n<p>W roku 1955 dyrektorem mianowana zosta\u0142a Ewa Kolstrung, a w roku 1956 Franciszek Gach.<\/p>\n<p>Dzi\u0119ki jego staraniom zorganizowano nowy kierunek kszta\u0142cenia. W roku 1957\/58 powo\u0142ano Technikum Hotelarskie.<\/p>\n<p>By\u0142a to decyzja brzemienna w skutkach, nada\u0142a szkole nowe impulsy rozwojowe. Kontynuowano oczywi\u015bcie nadal kszta\u0142cenie w zawodach ekonomiczno-handlowych i gastronomicznych. Zorganizowano w szkole warsztat gastronomiczny, kt\u00f3ry prowadzi\u0142 otwart\u0105 przyszkoln\u0105 sto\u0142\u00f3wk\u0119. Szko\u0142a wyr\u00f3\u017cnia\u0142a si\u0119 efektywn\u0105 dzia\u0142alno\u015bci\u0105 dydaktyczn\u0105 i wychowawcz\u0105. Uczniowie szko\u0142y przodowali w rywalizacji sportowej i dzia\u0142alno\u015bci kulturalnej. Szczeg\u00f3\u0142owe osi\u0105gni\u0119cia sportowe kojarz\u0105 si\u0119 z nazwiskami Ludwika Fischera, Marii i Mieczys\u0142awa Galic\u00f3w oraz Ewy Moslerowej.<\/p>\n<p>Atmosfera i dokonania szko\u0142y przyci\u0105ga\u0142y znakomitych pedagog\u00f3w i ambitn\u0105 m\u0142odzie\u017c. Szybko okaza\u0142o si\u0119, \u017ce posiadana baza materialna uniemo\u017cliwia szkole dalszy prawid\u0142owy rozw\u00f3j.<\/p>\n<p>Rozw\u00f3j ruchu turystycznego powodowa\u0142 powstawanie nowych przedsi\u0119biorstw, kt\u00f3re oczekiwa\u0142y na dobrze przygotowane kadry. I zn\u00f3w niestrudzone dzia\u0142ania dyrektora Gacha uwie\u0144czone zosta\u0142y sukcesem. Budowa nowej szko\u0142y realizowana z jego inicjatywy, zosta\u0142a zako\u0144czona w dw\u00f3ch etapach. W czerwcu 1965 roku oddano do u\u017cytku internat przy ul. Heleny Modrzejewskiej, a w pa\u017adzierniku 1966 roku nast\u0105pi\u0142o uroczyste otwarcie nowego budynku szkolnego przy ul. Partyzant\u00f3w.<\/p>\n<p><img loading=\"lazy\" class=\"alignnone size-full wp-image-262\" src=\"http:\/\/zsht.pl\/strona\/wp-content\/uploads\/2018\/01\/budowa1-1.jpg\" alt=\"\" width=\"1024\" height=\"688\" srcset=\"https:\/\/zsht.pl\/strona\/wp-content\/uploads\/2018\/01\/budowa1-1.jpg 1024w, https:\/\/zsht.pl\/strona\/wp-content\/uploads\/2018\/01\/budowa1-1-300x202.jpg 300w, https:\/\/zsht.pl\/strona\/wp-content\/uploads\/2018\/01\/budowa1-1-768x516.jpg 768w\" sizes=\"(max-width: 1024px) 100vw, 1024px\" \/><\/p>\n<p>W tym, czasie obowi\u0105zki dyrektora pe\u0142nili: Renata Bana\u015b, a p\u00f3\u017aniej Leszek Wcis\u0142o. W roku 1966 obowi\u0105zki te przej\u0105\u0142 Alfred Etryk.<\/p>\n<p>Po obj\u0119ciu nowego budynku przed dyrekcj\u0105 i gronem pedagogicznym stan\u0119\u0142o zadanie wyposa\u017cenia szko\u0142y. Urz\u0105dzono nowoczesne na miar\u0119 \u00f3wczesnych mo\u017cliwo\u015bci, pracownie przedmiotowe, przystosowane do istniej\u0105cych w szkole kierunk\u00f3w kszta\u0142cenia. Szko\u0142a sta\u0142a si\u0119 popularna w ca\u0142ym kraju. Dzi\u0119ki posiadaniu internatu stworzono bardzo dobre warunki bytowe dla m\u0142odzie\u017cy z r\u00f3\u017cnych stron, pragn\u0105cej zdoby\u0107 zaw\u00f3d technika hotelarstwa.<\/p>\n<p>Plany dynamicznego rozwoju kraju formu\u0142owane w latach 70-tych, budowa wielu nowoczesnych hoteli, owocowa\u0142y rozwojem kszta\u0142cenia.<\/p>\n<p>W roku szkolnym 1971\/72 powo\u0142ano Zesp\u00f3\u0142 Szk\u00f3\u0142 Hotelarsko-Turystycznych. Wprowadzono r\u00f3wnie\u017c nowy typ szko\u0142y: Policealne Studium Zawodowe kszta\u0142c\u0105ce absolwent\u00f3w szk\u00f3\u0142 \u015brednich w zawodach: technik hotelarstwa i technik obs\u0142ugi turystycznej.<\/p>\n<p>Ambicj\u0105 dyrekcji szko\u0142y i nauczycieli by\u0142o stworzenie o\u015brodka szkolenia kadr dla hotelarstwa i turystyki na poziomie por\u00f3wnywalnym z krajami o du\u017cych tradycjach w tym zakresie. Przedstawiciele szko\u0142y wizytowali szko\u0142y hotelarskie w Austrii, chc\u0105c skorzysta\u0107 ze sprawdzonych tam wzor\u00f3w.<\/p>\n<p>W celu stworzenia mo\u017cliwo\u015b\u0107 zdobycia wy\u017cszego wykszta\u0142cenia pracuj\u0105cym w hotelarstwie i turystyce absolwentom naszej szko\u0142y, Akademia Ekonomiczna w Krakowie powo\u0142a\u0142a przy szkole sw\u00f3j Punkt Konsultacyjny o kierunku: ekonomika i organizacja turystyki.<\/p>\n<p>Ranga szko\u0142y w \u015brodowisku znacznie wzros\u0142a. Nawi\u0105zano wsp\u00f3\u0142prac\u0119 z podobnymi szko\u0142ami na terenie kraju i za granic\u0105. Nast\u0105pi\u0142 istotny rozw\u00f3j wyposa\u017cenia szko\u0142y. Zorganizowano we wsp\u00f3\u0142pracy z Politechnik\u0105 Gliwick\u0105 laboratorium do nauki j\u0119zyk\u00f3w obcych. By\u0142a to \u2013 jak na owe czasy \u2013 dzia\u0142alno\u015b\u0107 pionierska. Rozpocz\u0119to i w du\u017cym stopniu zrealizowano system telewizji dydaktycznej. Szko\u0142a osi\u0105ga\u0142a wysokie wyniki w pracy dydaktyczno-wychowawczej, rozwija\u0142a zainteresowania sportowe i kulturalne uczni\u00f3w.<\/p>\n<p>1 czerwca 1981 roku dyrektorem Zespo\u0142u Szk\u00f3\u0142 zosta\u0142 Stanis\u0142aw Stacho\u0144, pracuj\u0105cy dotychczas w szkole od dwunastu lat na stanowisku nauczyciela matematyki. Czas by\u0142 to niezwykle burzliwy i powo\u0142anie to mia\u0142o r\u00f3wnie\u017c niekonwencjonalny przebieg. Dyrektor mianowicie po raz pierwszy w historii szko\u0142y zosta\u0142 wybrany w tajnych wyborach przez Rad\u0119 Pedagogiczn\u0105.<\/p>\n<p><img loading=\"lazy\" class=\"alignnone size-full wp-image-269\" src=\"http:\/\/zsht.pl\/strona\/wp-content\/uploads\/2018\/01\/SZEF-1.jpg\" alt=\"\" width=\"800\" height=\"600\" srcset=\"https:\/\/zsht.pl\/strona\/wp-content\/uploads\/2018\/01\/SZEF-1.jpg 800w, https:\/\/zsht.pl\/strona\/wp-content\/uploads\/2018\/01\/SZEF-1-300x225.jpg 300w, https:\/\/zsht.pl\/strona\/wp-content\/uploads\/2018\/01\/SZEF-1-768x576.jpg 768w\" sizes=\"(max-width: 800px) 100vw, 800px\" \/><\/p>\n<p>Pomimo trudnej sytuacji w kraju szko\u0142a rozwija\u0142a si\u0119, zar\u00f3wno w zakresie osi\u0105gni\u0119\u0107 dydaktyczno-wychowawczych, jak i modernizacji bazy szkolnej. Na terenie szko\u0142y uruchomiono telewizj\u0119 dydaktyczn\u0105, wymieniono wyposa\u017cenie pracowni gastronomicznych, zakupiono i zainstalowano nowe laboratorium j\u0119zykowe. Na pocz\u0105tku lat dziewi\u0119\u0107dziesi\u0105tych zorganizowano pierwsza pracowni\u0119 komputerow\u0105.<\/p>\n<p>Rozwini\u0119te zosta\u0142y kontakty mi\u0119dzynarodowe ze szko\u0142ami w Austrii, Francji, Niemczech i Anglii. Uczniowie mieli mo\u017cliwo\u015b\u0107 wyjazd\u00f3w zagranicznych oraz poznania w praktyce j\u0119zyk\u00f3w, kt\u00f3rych uczyli si\u0119 w szkole.<\/p>\n<p>W 1994 roku opr\u00f3cz kszta\u0142cenia zawodowego, uruchomione zosta\u0142o Liceum Techniczne o profilu ekonomiczno-administracyjny i us\u0142ugowo-gospodarczym.<\/p>\n<p>Rozw\u00f3j technologii informacyjnych wymusi\u0142 powstanie nowych pracowni komputerowych oraz skomputeryzowanie pracy administracji. W 1998 roku szko\u0142\u0119 pod\u0142\u0105czono do Internetu. Rok p\u00f3\u017aniej otwarta zosta\u0142a Lokalna Akademia Informatyczna Cisco, wsp\u00f3\u0142pracuj\u0105ca z Akademi\u0105 G\u00f3rniczo-Hutnicz\u0105 w Krakowie.<\/p>\n<p><img loading=\"lazy\" class=\"size-full wp-image-260\" src=\"http:\/\/zsht.pl\/strona\/wp-content\/uploads\/2018\/01\/41-1.jpg\" alt=\"\" width=\"1024\" height=\"768\" srcset=\"https:\/\/zsht.pl\/strona\/wp-content\/uploads\/2018\/01\/41-1.jpg 1024w, https:\/\/zsht.pl\/strona\/wp-content\/uploads\/2018\/01\/41-1-300x225.jpg 300w, https:\/\/zsht.pl\/strona\/wp-content\/uploads\/2018\/01\/41-1-768x576.jpg 768w\" sizes=\"(max-width: 1024px) 100vw, 1024px\" \/><\/p>\n<p>Wy\u017c demograficzny, kt\u00f3ry w latach dziewi\u0119\u0107dziesi\u0105tych dotar\u0142 do szk\u00f3\u0142 \u015brednich, wymusi\u0142 prac\u0119 na dwie zmiany. Zaj\u0119cia trwa\u0142y od godz. 8.00 do 18.30. Mimo takiego utrudnienia kandydat\u00f3w do szko\u0142y nie brakowa\u0142o.<\/p>\n<p>Reforma o\u015bwiaty z 2000 r. (powo\u0142uj\u0105ca do \u017cycia gimnazja) spowodowa\u0142a skr\u00f3cenie nauki w technikum do 4 lat, a w liceum profilowanym (przekszta\u0142conym z liceum technicznego) do 3 lat. Wraz z t\u0105 reform\u0105 zosta\u0142 wprowadzony profil zarz\u0105dzenie informacj\u0105.<img loading=\"lazy\" class=\"alignnone size-full wp-image-254\" src=\"http:\/\/zsht.pl\/strona\/wp-content\/uploads\/2018\/01\/P1020650.jpg\" alt=\"\" width=\"1024\" height=\"768\" srcset=\"https:\/\/zsht.pl\/strona\/wp-content\/uploads\/2018\/01\/P1020650.jpg 1024w, https:\/\/zsht.pl\/strona\/wp-content\/uploads\/2018\/01\/P1020650-300x225.jpg 300w, https:\/\/zsht.pl\/strona\/wp-content\/uploads\/2018\/01\/P1020650-768x576.jpg 768w\" sizes=\"(max-width: 1024px) 100vw, 1024px\" \/><\/p>\n<p>Przez lata szko\u0142a dostosowywa\u0142a kierunki kszta\u0142cenia do obowi\u0105zuj\u0105cych trend\u00f3w i sytuacji na rynku pracy. Kontynuuj\u0105c t\u0105 tradycj\u0119, w 2007 rozpocz\u0105\u0142 nauk\u0119 pierwszy rocznik w zawodzie technik informatyk, a dwa lata p\u00f3\u017aniej technik obs\u0142ugi turystycznej.<\/p>\n<p>W 2008 roku oddana zosta\u0142a, d\u0142ugo oczekiwana przez nauczycieli wf-u, nowa sala gimnastyczna. Tak\u017ce w tym roku zosta\u0142 rozwi\u0105zany Zesp\u00f3\u0142 Szk\u00f3\u0142 Zawodowych nr 2, znany bardziej w lokalnym \u015brodowisku jako \u201eSzpulki\u201d, czy te\u017c TTA. Cztery klasy Liceum Profilowanego zosta\u0142y przeniesione do Zespo\u0142u Szk\u00f3\u0142 Hotelarsko Turystycznych. Wraz z uczniami przyszli do naszej szko\u0142y nauczyciele, gdzie zadomowili si\u0119 i pracuj\u0105 do dnia dzisiejszego.<\/p>\n<p>Wst\u0105pienie Polski do Unii Europejskiej stworzy\u0142o dla szkolnictwa zawodowego szerokie mo\u017cliwo\u015bci rozwoju. Korzystaj\u0105c ze \u015brodk\u00f3w unijnych uda\u0142o si\u0119 w 2011 zmodernizowa\u0107 pracownie gastronomiczne, dostosowuj\u0105c je do hotelowych standard\u00f3w. Oddano wtedy do dyspozycji uczni\u00f3w kszta\u0142c\u0105cych si\u0119 w zawodach gastronomicznych trzy nowocze\u015bnie wyposa\u017cone pracownie oraz sal\u0119 obs\u0142ugi konsumenta. Opr\u00f3cz modernizacji bazy dydaktycznej sfinansowane zosta\u0142y zaj\u0119cia pozalekcyjne, m.in. kursy barma\u0144skie, baristyczne, sommelierskie, informatyczne i ekonomiczne.<\/p>\n<p><img loading=\"lazy\" class=\"size-full wp-image-251\" src=\"http:\/\/zsht.pl\/strona\/wp-content\/uploads\/2018\/01\/DSC08880.jpg\" alt=\"\" width=\"1024\" height=\"681\" srcset=\"https:\/\/zsht.pl\/strona\/wp-content\/uploads\/2018\/01\/DSC08880.jpg 1024w, https:\/\/zsht.pl\/strona\/wp-content\/uploads\/2018\/01\/DSC08880-300x200.jpg 300w, https:\/\/zsht.pl\/strona\/wp-content\/uploads\/2018\/01\/DSC08880-768x511.jpg 768w\" sizes=\"(max-width: 1024px) 100vw, 1024px\" \/><\/p>\n<p>Maj\u0105c na wzgl\u0119dzie ci\u0105g\u0142e podnoszenie pracy szko\u0142y, przez lata systematycznie wyposa\u017cano pracownie i klasy w sprz\u0119t komputerowy, rzutniki i tablice multimedialne. Rozbudowywana by\u0142a tak\u017ce sie\u0107 komputerowa, co umo\u017cliwi\u0142o pod\u0142\u0105czenie ca\u0142ej szko\u0142y do Internetu, kt\u00f3rego pr\u0119dko\u015b\u0107 by\u0142a wielokrotnie zwi\u0119kszana. W 2010 roku zosta\u0142 uruchomiony elektroniczny dziennik lekcyjny, dzi\u0119ki kt\u00f3remu uczniowie na bie\u017c\u0105co mog\u0105 sprawdza\u0107 swoje osi\u0105gni\u0119cia, a tak\u017ce ich rodzice maj\u0105 sta\u0142y dost\u0119p do frekwencji i ocen, bez konieczno\u015bci przychodzenia do szko\u0142y.<\/p>\n<p>Ze wzgl\u0119du na bezpiecze\u0144stwo uczni\u00f3w szko\u0142a zosta\u0142a obj\u0119ta ca\u0142odobowym monitoringiem, a obecnie wej\u015bcie i wyj\u015bcie ze szko\u0142y odbywa si\u0119 za pomoc\u0105 kart magnetycznych.<\/p>\n<p>Wysoki poziom kszta\u0142cenia, zw\u0142aszcza w Technikum Ekonomicznym i Hotelarskim zosta\u0142 potwierdzony lokatami zajmowanymi przez te szko\u0142y w og\u00f3lnopolskim rankingu technik\u00f3w. Technikum Ekonomiczne w trzech kolejnych latach uplasowa\u0142o si\u0119 na 4 miejscu w wojew\u00f3dztwie oraz pierwszej pi\u0119\u0107dziesi\u0105tce technik\u00f3w w Polsce.<\/p>\n<p>W styczniu 2014 zako\u0144czy\u0142a si\u0119 nadbudowa cz\u0119\u015bci szko\u0142y. Do dyspozycji uczni\u00f3w i nauczycieli oddano 11 nowych sal lekcyjnych oraz przeniesiono pok\u00f3j nauczycielki na 4 pi\u0119tro. Po wielu latach zosta\u0142y rozwi\u0105zane problemy lokalowe, przez co mo\u017cliwe by\u0142o zako\u0144czenie nauki codziennie o godzinie 15.00. Budynek szko\u0142y zosta\u0142 dostosowany do potrzeb os\u00f3b niepe\u0142nosprawnych (podjazd oraz winda).<\/p>\n<p><img loading=\"lazy\" class=\"size-full wp-image-248\" src=\"http:\/\/zsht.pl\/strona\/wp-content\/uploads\/2018\/01\/105_1202x800.jpg\" alt=\"\" width=\"1024\" height=\"682\" srcset=\"https:\/\/zsht.pl\/strona\/wp-content\/uploads\/2018\/01\/105_1202x800.jpg 1024w, https:\/\/zsht.pl\/strona\/wp-content\/uploads\/2018\/01\/105_1202x800-300x200.jpg 300w, https:\/\/zsht.pl\/strona\/wp-content\/uploads\/2018\/01\/105_1202x800-768x512.jpg 768w\" sizes=\"(max-width: 1024px) 100vw, 1024px\" \/><\/p>\n<p>We wrze\u015bniu tego samego roku zamkni\u0119ta zosta\u0142a kolejna du\u017ca szko\u0142a \u2013 Zesp\u00f3\u0142 Szk\u00f3\u0142 Zawodowych nr 1, czyli zakopia\u0144ski Oxford. Zasadnicz\u0105 Szko\u0142\u0119 Zawodowa dla M\u0142odocianych Pracownik\u00f3w wcielono do Zespo\u0142u Szk\u00f3\u0142 Hotelarsko Turystycznych. W wyniku tej fuzji przyby\u0142o ok. 300 uczni\u00f3w i 25 nauczycieli. Nie spowodowa\u0142o to jednak wyd\u0142u\u017cenia zaj\u0119\u0107 lekcyjnych. Likwidacji tak\u017ce uleg\u0142y Technika: Hotelarskie, Ekonomiczne, Handlowe i Gastronomiczne. Uczniowie kontynuuj\u0105 nauk\u0119 w Technikum nr 2.<\/p>\n<p>31 sierpnia 2015 r. na zas\u0142u\u017con\u0105 emerytur\u0119 odszed\u0142 dyrektor Stanis\u0142aw Stacho\u0144, a jego obowi\u0105zki przej\u0105\u0142 nauczyciel matematyki i informatyki Zdzis\u0142aw Kr\u00f3\u017cel, kt\u00f3ry w latach 2008-2013 pe\u0142ni\u0142 funkcj\u0119 wicedyrektora.<\/p>\n<p>Od 1 wrze\u015bnia 2017 przekszta\u0142cono Zasadnicz\u0105 Szko\u0142\u0119 Zawodow\u0105 dla M\u0142odocianych Pracownik\u00f3w na Bran\u017cow\u0105 Szko\u0142\u0119 I stopnia dla M\u0142odocianych Pracownik\u00f3w.<\/p>\n<p>Obecnie kontynuowana jest nadbudowa ni\u017cszej cz\u0119\u015bci szko\u0142y.<\/p>\n<p>&nbsp;<\/p>\n<div style=\"text-align: center;\"><a href=\"http:\/\/zsht.pl\/strona\/index.php\/stare-zdjecia\"><button>Stare fotografie<\/button><\/a>\u00a0\u00a0<a href=\"http:\/\/zsht.pl\/strona\/index.php\/zdjecia-mix-stare-nowe\/&quot;\"><button>Zdj\u0119cia MIX stare\/nowe<\/button><\/a><\/div>\n","protected":false},"excerpt":{"rendered":"<p>Historia szko\u0142y &nbsp; Poszukuj\u0105c tradycji historycznych naszej szko\u0142y dochodzimy do pocz\u0105tk\u00f3w dwudziestego wieku, kiedy to doktor medycyny W\u0142adys\u0142aw Florkiewicz przekaza\u0142 w testamencie sw\u00f3j maj\u0105tek przy ulicy Nowotarskiej na rzecz otwarcia szko\u0142y dla m\u0142odzie\u017cy m\u0119skiej. Trafiamy te\u017c do Ku\u017anic, gdzie z<\/p>\n","protected":false},"author":1,"featured_media":0,"parent":0,"menu_order":0,"comment_status":"closed","ping_status":"closed","template":"szkola.php","meta":[],"_links":{"self":[{"href":"https:\/\/zsht.pl\/strona\/index.php\/wp-json\/wp\/v2\/pages\/238"}],"collection":[{"href":"https:\/\/zsht.pl\/strona\/index.php\/wp-json\/wp\/v2\/pages"}],"about":[{"href":"https:\/\/zsht.pl\/strona\/index.php\/wp-json\/wp\/v2\/types\/page"}],"author":[{"embeddable":true,"href":"https:\/\/zsht.pl\/strona\/index.php\/wp-json\/wp\/v2\/users\/1"}],"replies":[{"embeddable":true,"href":"https:\/\/zsht.pl\/strona\/index.php\/wp-json\/wp\/v2\/comments?post=238"}],"version-history":[{"count":18,"href":"https:\/\/zsht.pl\/strona\/index.php\/wp-json\/wp\/v2\/pages\/238\/revisions"}],"predecessor-version":[{"id":11846,"href":"https:\/\/zsht.pl\/strona\/index.php\/wp-json\/wp\/v2\/pages\/238\/revisions\/11846"}],"wp:attachment":[{"href":"https:\/\/zsht.pl\/strona\/index.php\/wp-json\/wp\/v2\/media?parent=238"}],"curies":[{"name":"wp","href":"https:\/\/api.w.org\/{rel}","templated":true}]}}